{"id":17628,"date":"2022-05-06T11:19:40","date_gmt":"2022-05-06T10:19:42","guid":{"rendered":"https:\/\/baan-baan.com\/?post_type=product&#038;p=17628"},"modified":"2022-05-06T11:41:04","modified_gmt":"2022-05-06T10:41:04","slug":"bracelet-bouddhiste-officiel-bebe-enfant-copie","status":"publish","type":"product","link":"https:\/\/baan-baan.com\/en\/produit\/bracelet-bouddhiste-officiel-bebe-enfant-copie\/","title":{"rendered":"Bracelet bouddhiste Officiel &#8211; B\u00e9b\u00e9 &#038; Enfant"},"content":{"rendered":"<p>Les bracelets bouddhistes Baan sont inspir\u00e9s d&#8217;un mod\u00e8le de jonc traditionnel porte-bonheur dans les pays bouddhistes. Ils sont remplis de feuilles d&#8217;or utilis\u00e9es pour le culte bouddhiste. Les bouddhistes vont les faire b\u00e9nir par les moines dans les temples.<\/p>\n<p>Baan a d\u00e9couvert ce bracelet et a cr\u00e9\u00e9 toute une collection en 2010 \u00e0 partir de ce bijou traditionnel et propose de nombreux mod\u00e8les : cuivre, torsad\u00e9, argent, braid, mod\u00e8les \u00e9pais et fin.<br \/>\nToutes ces d\u00e9clinaisons sont des cr\u00e9ations originales de la marque Baan et sont devenus nos bijoux intemporels.<\/p>\n<p><strong><span class=\"style6\">Diam\u00e8tres (int\u00e9rieur) \u00a0\u00a0<\/span><\/strong><\/p>\n<p>B\u00e9b\u00e9 : 4 cm<br \/>\nEnfant : 4,5 cm<\/p>\n<p><b>Mati\u00e8re :<br \/>\n<\/b>Jonc souple transparent rempli de feuilles d&#8217;or<\/p>\n<p class=\"style6\"><strong>Vendus \u00e0 l&#8217;unit\u00e9<\/strong><\/p>\n<p>&nbsp;<\/p>\n","protected":false},"excerpt":{"rendered":"<p>Les bracelets bouddhistes Baan sont inspir\u00e9s d&#8217;un mod\u00e8le de jonc traditionnel porte-bonheur dans les pays bouddhistes. Ils sont remplis de feuilles d&#8217;or utilis\u00e9es pour le culte bouddhiste. Les bouddhistes vont les faire b\u00e9nir par les moines dans les temples. Baan a d\u00e9couvert ce bracelet et a cr\u00e9\u00e9 toute une collection en 2010 \u00e0 partir de [&hellip;]<\/p>\n","protected":false},"featured_media":4430,"template":"","meta":{"_et_pb_use_builder":"on","_et_pb_old_content":"Les bracelets bouddhistes Baan sont inspir\u00e9s d'un mod\u00e8le de jonc traditionnel porte-bonheur dans les pays bouddhistes. Ils sont remplis de feuilles d'or utilis\u00e9es pour le culte bouddhiste. Les bouddhistes vont les faire b\u00e9nir par les moines dans les temples.\r\n\r\nBaan a d\u00e9couvert ce bracelet et a cr\u00e9\u00e9 toute une collection en 2010 \u00e0 partir de ce bijou traditionnel et propose de nombreux mod\u00e8les : cuivre, torsad\u00e9, argent, braid, mod\u00e8les \u00e9pais et fin.\r\nToutes ces d\u00e9clinaisons sont des cr\u00e9ations originales de la marque Baan et sont devenus nos bijoux intemporels.\r\n\r\n<strong><span class=\"style6\">Diam\u00e8tres (int\u00e9rieur) \u00a0\u00a0<\/span><\/strong>\r\n\r\nB\u00e9b\u00e9 : 4 cm\r\nEnfant : 4,5 cm\r\n\r\n<b>Mati\u00e8re :\r\n<\/b>Jonc souple transparent rempli de feuilles d'or\r\n<p class=\"style6\"><strong>Vendus \u00e0 l'unit\u00e9<\/strong><\/p>\r\n&nbsp;","_et_gb_content_width":""},"product_brand":[],"product_cat":[],"product_tag":[],"class_list":{"0":"post-17628","1":"product","2":"type-product","3":"status-publish","4":"has-post-thumbnail","6":"product_shipping_class-bijoux5-5-en","8":"first","9":"instock","10":"taxable","11":"shipping-taxable","12":"purchasable","13":"product-type-variable","14":"has-default-attributes","15":"wcspt-has-gallery"},"yoast_head":"<!-- This site is optimized with the Yoast SEO plugin v27.5 - https:\/\/yoast.com\/product\/yoast-seo-wordpress\/ -->\n<title>Baan - Bracelets bouddhistes - Enfant<\/title>\n<meta name=\"description\" content=\"R\u00e9alis\u00e9 avec un jonc souple et des paillettes de feuilles d\u2019or utilis\u00e9es pour le culte bouddhiste. Les bouddhistes les font b\u00e9nir par les bonzes pour qu&#039;ils leur portent chance.\" \/>\n<meta name=\"robots\" content=\"index, follow, max-snippet:-1, max-image-preview:large, max-video-preview:-1\" \/>\n<link rel=\"canonical\" href=\"https:\/\/baan-baan.com\/en\/produit\/bracelet-bouddhiste-officiel-bebe-enfant-copie\/\" \/>\n<meta property=\"og:locale\" content=\"en_US\" \/>\n<meta property=\"og:type\" content=\"article\" \/>\n<meta property=\"og:title\" content=\"Baan - Bracelets bouddhistes - Enfant\" \/>\n<meta property=\"og:description\" content=\"R\u00e9alis\u00e9 avec un jonc souple et des paillettes de feuilles d\u2019or utilis\u00e9es pour le culte bouddhiste. Les bouddhistes les font b\u00e9nir par les bonzes pour qu&#039;ils leur portent chance.\" \/>\n<meta property=\"og:url\" content=\"https:\/\/baan-baan.com\/en\/produit\/bracelet-bouddhiste-officiel-bebe-enfant-copie\/\" \/>\n<meta property=\"og:site_name\" content=\"Baan\" \/>\n<meta property=\"article:publisher\" content=\"https:\/\/www.facebook.com\/share\/1BjwM2bT8W\/?mibextid=wwXIfr\" \/>\n<meta property=\"article:modified_time\" content=\"2022-05-06T10:41:04+00:00\" \/>\n<meta property=\"og:image\" content=\"https:\/\/baan-baan.com\/wp-content\/uploads\/2020\/12\/2882.jpg\" \/>\n\t<meta property=\"og:image:width\" content=\"600\" \/>\n\t<meta property=\"og:image:height\" content=\"600\" \/>\n\t<meta property=\"og:image:type\" content=\"image\/jpeg\" \/>\n<meta name=\"twitter:card\" content=\"summary_large_image\" \/>\n<meta name=\"twitter:label1\" content=\"Est. reading time\" \/>\n\t<meta name=\"twitter:data1\" content=\"1 minute\" \/>\n<script type=\"application\/ld+json\" class=\"yoast-schema-graph\">{\"@context\":\"https:\\\/\\\/schema.org\",\"@graph\":[{\"@type\":\"WebPage\",\"@id\":\"https:\\\/\\\/baan-baan.com\\\/en\\\/produit\\\/bracelet-bouddhiste-officiel-bebe-enfant-copie\\\/\",\"url\":\"https:\\\/\\\/baan-baan.com\\\/en\\\/produit\\\/bracelet-bouddhiste-officiel-bebe-enfant-copie\\\/\",\"name\":\"Baan - Bracelets bouddhistes - Enfant\",\"isPartOf\":{\"@id\":\"https:\\\/\\\/baan-baan.com\\\/en\\\/#website\"},\"primaryImageOfPage\":{\"@id\":\"https:\\\/\\\/baan-baan.com\\\/en\\\/produit\\\/bracelet-bouddhiste-officiel-bebe-enfant-copie\\\/#primaryimage\"},\"image\":{\"@id\":\"https:\\\/\\\/baan-baan.com\\\/en\\\/produit\\\/bracelet-bouddhiste-officiel-bebe-enfant-copie\\\/#primaryimage\"},\"thumbnailUrl\":\"https:\\\/\\\/baan-baan.com\\\/wp-content\\\/uploads\\\/2020\\\/12\\\/2882.jpg\",\"datePublished\":\"2022-05-06T10:19:42+00:00\",\"dateModified\":\"2022-05-06T10:41:04+00:00\",\"description\":\"R\u00e9alis\u00e9 avec un jonc souple et des paillettes de feuilles d\u2019or utilis\u00e9es pour le culte bouddhiste. Les bouddhistes les font b\u00e9nir par les bonzes pour qu'ils leur portent chance.\",\"breadcrumb\":{\"@id\":\"https:\\\/\\\/baan-baan.com\\\/en\\\/produit\\\/bracelet-bouddhiste-officiel-bebe-enfant-copie\\\/#breadcrumb\"},\"inLanguage\":\"en-US\",\"potentialAction\":[{\"@type\":\"ReadAction\",\"target\":[\"https:\\\/\\\/baan-baan.com\\\/en\\\/produit\\\/bracelet-bouddhiste-officiel-bebe-enfant-copie\\\/\"]}]},{\"@type\":\"ImageObject\",\"inLanguage\":\"en-US\",\"@id\":\"https:\\\/\\\/baan-baan.com\\\/en\\\/produit\\\/bracelet-bouddhiste-officiel-bebe-enfant-copie\\\/#primaryimage\",\"url\":\"https:\\\/\\\/baan-baan.com\\\/wp-content\\\/uploads\\\/2020\\\/12\\\/2882.jpg\",\"contentUrl\":\"https:\\\/\\\/baan-baan.com\\\/wp-content\\\/uploads\\\/2020\\\/12\\\/2882.jpg\",\"width\":600,\"height\":600},{\"@type\":\"BreadcrumbList\",\"@id\":\"https:\\\/\\\/baan-baan.com\\\/en\\\/produit\\\/bracelet-bouddhiste-officiel-bebe-enfant-copie\\\/#breadcrumb\",\"itemListElement\":[{\"@type\":\"ListItem\",\"position\":1,\"name\":\"Home\",\"item\":\"https:\\\/\\\/baan-baan.com\\\/en\\\/\"},{\"@type\":\"ListItem\",\"position\":2,\"name\":\"Shop\",\"item\":\"https:\\\/\\\/baan-baan.com\\\/en\\\/boutique\\\/\"},{\"@type\":\"ListItem\",\"position\":3,\"name\":\"Bracelet bouddhiste Officiel &#8211; B\u00e9b\u00e9 &#038; Enfant\"}]},{\"@type\":\"WebSite\",\"@id\":\"https:\\\/\\\/baan-baan.com\\\/en\\\/#website\",\"url\":\"https:\\\/\\\/baan-baan.com\\\/en\\\/\",\"name\":\"Baan\",\"description\":\"Home Ethnic Minimalism\",\"publisher\":{\"@id\":\"https:\\\/\\\/baan-baan.com\\\/en\\\/#organization\"},\"potentialAction\":[{\"@type\":\"SearchAction\",\"target\":{\"@type\":\"EntryPoint\",\"urlTemplate\":\"https:\\\/\\\/baan-baan.com\\\/en\\\/?s={search_term_string}\"},\"query-input\":{\"@type\":\"PropertyValueSpecification\",\"valueRequired\":true,\"valueName\":\"search_term_string\"}}],\"inLanguage\":\"en-US\"},{\"@type\":\"Organization\",\"@id\":\"https:\\\/\\\/baan-baan.com\\\/en\\\/#organization\",\"name\":\"Baan\",\"url\":\"https:\\\/\\\/baan-baan.com\\\/en\\\/\",\"logo\":{\"@type\":\"ImageObject\",\"inLanguage\":\"en-US\",\"@id\":\"https:\\\/\\\/baan-baan.com\\\/en\\\/#\\\/schema\\\/logo\\\/image\\\/\",\"url\":\"https:\\\/\\\/baan-baan.com\\\/wp-content\\\/uploads\\\/2023\\\/01\\\/LOGO-BAAN-scaled.jpeg\",\"contentUrl\":\"https:\\\/\\\/baan-baan.com\\\/wp-content\\\/uploads\\\/2023\\\/01\\\/LOGO-BAAN-scaled.jpeg\",\"width\":2560,\"height\":1554,\"caption\":\"Baan\"},\"image\":{\"@id\":\"https:\\\/\\\/baan-baan.com\\\/en\\\/#\\\/schema\\\/logo\\\/image\\\/\"},\"sameAs\":[\"https:\\\/\\\/www.facebook.com\\\/share\\\/1BjwM2bT8W\\\/?mibextid=wwXIfr\",\"https:\\\/\\\/www.instagram.com\\\/baan.ethnic.minimalism?igsh=czMxeWllOGM4MGdp\"]}]}<\/script>\n<!-- \/ Yoast SEO plugin. -->","yoast_head_json":{"title":"Baan - Bracelets bouddhistes - Enfant","description":"R\u00e9alis\u00e9 avec un jonc souple et des paillettes de feuilles d\u2019or utilis\u00e9es pour le culte bouddhiste. Les bouddhistes les font b\u00e9nir par les bonzes pour qu'ils leur portent chance.","robots":{"index":"index","follow":"follow","max-snippet":"max-snippet:-1","max-image-preview":"max-image-preview:large","max-video-preview":"max-video-preview:-1"},"canonical":"https:\/\/baan-baan.com\/en\/produit\/bracelet-bouddhiste-officiel-bebe-enfant-copie\/","og_locale":"en_US","og_type":"article","og_title":"Baan - Bracelets bouddhistes - Enfant","og_description":"R\u00e9alis\u00e9 avec un jonc souple et des paillettes de feuilles d\u2019or utilis\u00e9es pour le culte bouddhiste. Les bouddhistes les font b\u00e9nir par les bonzes pour qu'ils leur portent chance.","og_url":"https:\/\/baan-baan.com\/en\/produit\/bracelet-bouddhiste-officiel-bebe-enfant-copie\/","og_site_name":"Baan","article_publisher":"https:\/\/www.facebook.com\/share\/1BjwM2bT8W\/?mibextid=wwXIfr","article_modified_time":"2022-05-06T10:41:04+00:00","og_image":[{"width":600,"height":600,"url":"https:\/\/baan-baan.com\/wp-content\/uploads\/2020\/12\/2882.jpg","type":"image\/jpeg"}],"twitter_card":"summary_large_image","twitter_misc":{"Est. reading time":"1 minute"},"schema":{"@context":"https:\/\/schema.org","@graph":[{"@type":"WebPage","@id":"https:\/\/baan-baan.com\/en\/produit\/bracelet-bouddhiste-officiel-bebe-enfant-copie\/","url":"https:\/\/baan-baan.com\/en\/produit\/bracelet-bouddhiste-officiel-bebe-enfant-copie\/","name":"Baan - Bracelets bouddhistes - Enfant","isPartOf":{"@id":"https:\/\/baan-baan.com\/en\/#website"},"primaryImageOfPage":{"@id":"https:\/\/baan-baan.com\/en\/produit\/bracelet-bouddhiste-officiel-bebe-enfant-copie\/#primaryimage"},"image":{"@id":"https:\/\/baan-baan.com\/en\/produit\/bracelet-bouddhiste-officiel-bebe-enfant-copie\/#primaryimage"},"thumbnailUrl":"https:\/\/baan-baan.com\/wp-content\/uploads\/2020\/12\/2882.jpg","datePublished":"2022-05-06T10:19:42+00:00","dateModified":"2022-05-06T10:41:04+00:00","description":"R\u00e9alis\u00e9 avec un jonc souple et des paillettes de feuilles d\u2019or utilis\u00e9es pour le culte bouddhiste. Les bouddhistes les font b\u00e9nir par les bonzes pour qu'ils leur portent chance.","breadcrumb":{"@id":"https:\/\/baan-baan.com\/en\/produit\/bracelet-bouddhiste-officiel-bebe-enfant-copie\/#breadcrumb"},"inLanguage":"en-US","potentialAction":[{"@type":"ReadAction","target":["https:\/\/baan-baan.com\/en\/produit\/bracelet-bouddhiste-officiel-bebe-enfant-copie\/"]}]},{"@type":"ImageObject","inLanguage":"en-US","@id":"https:\/\/baan-baan.com\/en\/produit\/bracelet-bouddhiste-officiel-bebe-enfant-copie\/#primaryimage","url":"https:\/\/baan-baan.com\/wp-content\/uploads\/2020\/12\/2882.jpg","contentUrl":"https:\/\/baan-baan.com\/wp-content\/uploads\/2020\/12\/2882.jpg","width":600,"height":600},{"@type":"BreadcrumbList","@id":"https:\/\/baan-baan.com\/en\/produit\/bracelet-bouddhiste-officiel-bebe-enfant-copie\/#breadcrumb","itemListElement":[{"@type":"ListItem","position":1,"name":"Home","item":"https:\/\/baan-baan.com\/en\/"},{"@type":"ListItem","position":2,"name":"Shop","item":"https:\/\/baan-baan.com\/en\/boutique\/"},{"@type":"ListItem","position":3,"name":"Bracelet bouddhiste Officiel &#8211; B\u00e9b\u00e9 &#038; Enfant"}]},{"@type":"WebSite","@id":"https:\/\/baan-baan.com\/en\/#website","url":"https:\/\/baan-baan.com\/en\/","name":"Baan","description":"Home Ethnic Minimalism","publisher":{"@id":"https:\/\/baan-baan.com\/en\/#organization"},"potentialAction":[{"@type":"SearchAction","target":{"@type":"EntryPoint","urlTemplate":"https:\/\/baan-baan.com\/en\/?s={search_term_string}"},"query-input":{"@type":"PropertyValueSpecification","valueRequired":true,"valueName":"search_term_string"}}],"inLanguage":"en-US"},{"@type":"Organization","@id":"https:\/\/baan-baan.com\/en\/#organization","name":"Baan","url":"https:\/\/baan-baan.com\/en\/","logo":{"@type":"ImageObject","inLanguage":"en-US","@id":"https:\/\/baan-baan.com\/en\/#\/schema\/logo\/image\/","url":"https:\/\/baan-baan.com\/wp-content\/uploads\/2023\/01\/LOGO-BAAN-scaled.jpeg","contentUrl":"https:\/\/baan-baan.com\/wp-content\/uploads\/2023\/01\/LOGO-BAAN-scaled.jpeg","width":2560,"height":1554,"caption":"Baan"},"image":{"@id":"https:\/\/baan-baan.com\/en\/#\/schema\/logo\/image\/"},"sameAs":["https:\/\/www.facebook.com\/share\/1BjwM2bT8W\/?mibextid=wwXIfr","https:\/\/www.instagram.com\/baan.ethnic.minimalism?igsh=czMxeWllOGM4MGdp"]}]}},"_links":{"self":[{"href":"https:\/\/baan-baan.com\/en\/wp-json\/wp\/v2\/product\/17628","targetHints":{"allow":["GET"]}}],"collection":[{"href":"https:\/\/baan-baan.com\/en\/wp-json\/wp\/v2\/product"}],"about":[{"href":"https:\/\/baan-baan.com\/en\/wp-json\/wp\/v2\/types\/product"}],"wp:featuredmedia":[{"embeddable":true,"href":"https:\/\/baan-baan.com\/en\/wp-json\/wp\/v2\/media\/4430"}],"wp:attachment":[{"href":"https:\/\/baan-baan.com\/en\/wp-json\/wp\/v2\/media?parent=17628"}],"wp:term":[{"taxonomy":"product_brand","embeddable":true,"href":"https:\/\/baan-baan.com\/en\/wp-json\/wp\/v2\/product_brand?post=17628"},{"taxonomy":"product_cat","embeddable":true,"href":"https:\/\/baan-baan.com\/en\/wp-json\/wp\/v2\/product_cat?post=17628"},{"taxonomy":"product_tag","embeddable":true,"href":"https:\/\/baan-baan.com\/en\/wp-json\/wp\/v2\/product_tag?post=17628"}],"curies":[{"name":"wp","href":"https:\/\/api.w.org\/{rel}","templated":true}]}}