{"id":21714,"date":"2023-11-24T13:00:23","date_gmt":"2023-11-24T12:00:23","guid":{"rendered":"https:\/\/baan-baan.com\/?post_type=product&#038;p=21714"},"modified":"2025-08-14T10:42:52","modified_gmt":"2025-08-14T09:42:52","slug":"bracelet-fil-somone","status":"publish","type":"product","link":"https:\/\/baan-baan.com\/en\/produit\/bracelet-fil-somone\/","title":{"rendered":"Bracelet fil somone"},"content":{"rendered":"<p>Le bracelet fil Somone est fabriqu\u00e9 dans un village de tisserands africains.<br \/>\nChaque jonc est muni d&#8217;un fermoir.<br \/>\nA porter seul ou en accumulation.<\/p>\n<p><b>Mati\u00e8re : <\/b> Nylon<\/p>\n<p><strong>Couleur<\/strong> : Somone<\/p>\n<p><strong>Dimensions<\/strong> :<br \/>\nDiam\u00e8tre environ 6 cm<br \/>\nTaille unique<\/p>\n<p><strong>Prix<\/strong>\u00a0: 18 \u20ac<br \/>\nVendus \u00e0 l\u2019unit\u00e9<\/p>\n","protected":false},"excerpt":{"rendered":"<p>Le bracelet fil Somone est fabriqu\u00e9 dans un village de tisserands africains. Chaque jonc est muni d&#8217;un fermoir. A porter seul ou en accumulation. Mati\u00e8re : Nylon Couleur : Somone Dimensions : Diam\u00e8tre environ 6 cm Taille unique Prix\u00a0: 18 \u20ac Vendus \u00e0 l\u2019unit\u00e9<\/p>\n","protected":false},"featured_media":21724,"template":"","meta":{"_et_pb_use_builder":"","_et_pb_old_content":"","_et_gb_content_width":""},"product_brand":[],"product_cat":[283],"product_tag":[],"class_list":{"0":"post-21714","1":"product","2":"type-product","3":"status-publish","4":"has-post-thumbnail","6":"product_cat-non-classe","7":"product_shipping_class-bijoux5-5","9":"first","10":"instock","11":"taxable","12":"shipping-taxable","13":"purchasable","14":"product-type-simple","15":"wcspt-has-gallery"},"yoast_head":"<!-- This site is optimized with the Yoast SEO plugin v27.5 - https:\/\/yoast.com\/product\/yoast-seo-wordpress\/ -->\n<title>Bracelet Fil Somone - Baan Ethnic Minimalism<\/title>\n<meta name=\"description\" content=\"Le bracelet fil Somone est tiss\u00e9 \u00e0 la main en Afrique, dot\u00e9s d\u2019un fermoir discret. Un bijou raffin\u00e9, issu d\u2019un artisanat d\u2019exception.\" \/>\n<meta name=\"robots\" content=\"index, follow, max-snippet:-1, max-image-preview:large, max-video-preview:-1\" \/>\n<link rel=\"canonical\" href=\"https:\/\/baan-baan.com\/en\/produit\/bracelet-fil-somone\/\" \/>\n<meta property=\"og:locale\" content=\"en_US\" \/>\n<meta property=\"og:type\" content=\"article\" \/>\n<meta property=\"og:title\" content=\"Bracelet Fil Somone - Baan Ethnic Minimalism\" \/>\n<meta property=\"og:description\" content=\"Le bracelet fil Somone est tiss\u00e9 \u00e0 la main en Afrique, dot\u00e9s d\u2019un fermoir discret. Un bijou raffin\u00e9, issu d\u2019un artisanat d\u2019exception.\" \/>\n<meta property=\"og:url\" content=\"https:\/\/baan-baan.com\/en\/produit\/bracelet-fil-somone\/\" \/>\n<meta property=\"og:site_name\" content=\"Baan\" \/>\n<meta property=\"article:publisher\" content=\"https:\/\/www.facebook.com\/share\/1BjwM2bT8W\/?mibextid=wwXIfr\" \/>\n<meta property=\"article:modified_time\" content=\"2025-08-14T09:42:52+00:00\" \/>\n<meta property=\"og:image\" content=\"https:\/\/baan-baan.com\/wp-content\/uploads\/2024\/02\/Bracelet-fil-somone1.jpg\" \/>\n\t<meta property=\"og:image:width\" content=\"1100\" \/>\n\t<meta property=\"og:image:height\" content=\"1100\" \/>\n\t<meta property=\"og:image:type\" content=\"image\/jpeg\" \/>\n<meta name=\"twitter:card\" content=\"summary_large_image\" \/>\n<meta name=\"twitter:label1\" content=\"Est. reading time\" \/>\n\t<meta name=\"twitter:data1\" content=\"1 minute\" \/>\n<script type=\"application\/ld+json\" class=\"yoast-schema-graph\">{\"@context\":\"https:\\\/\\\/schema.org\",\"@graph\":[{\"@type\":\"WebPage\",\"@id\":\"https:\\\/\\\/baan-baan.com\\\/en\\\/produit\\\/bracelet-fil-somone\\\/\",\"url\":\"https:\\\/\\\/baan-baan.com\\\/en\\\/produit\\\/bracelet-fil-somone\\\/\",\"name\":\"Bracelet Fil Somone - Baan Ethnic Minimalism\",\"isPartOf\":{\"@id\":\"https:\\\/\\\/baan-baan.com\\\/en\\\/#website\"},\"primaryImageOfPage\":{\"@id\":\"https:\\\/\\\/baan-baan.com\\\/en\\\/produit\\\/bracelet-fil-somone\\\/#primaryimage\"},\"image\":{\"@id\":\"https:\\\/\\\/baan-baan.com\\\/en\\\/produit\\\/bracelet-fil-somone\\\/#primaryimage\"},\"thumbnailUrl\":\"https:\\\/\\\/baan-baan.com\\\/wp-content\\\/uploads\\\/2024\\\/02\\\/Bracelet-fil-somone1.jpg\",\"datePublished\":\"2023-11-24T12:00:23+00:00\",\"dateModified\":\"2025-08-14T09:42:52+00:00\",\"description\":\"Le bracelet fil Somone est tiss\u00e9 \u00e0 la main en Afrique, dot\u00e9s d\u2019un fermoir discret. Un bijou raffin\u00e9, issu d\u2019un artisanat d\u2019exception.\",\"breadcrumb\":{\"@id\":\"https:\\\/\\\/baan-baan.com\\\/en\\\/produit\\\/bracelet-fil-somone\\\/#breadcrumb\"},\"inLanguage\":\"en-US\",\"potentialAction\":[{\"@type\":\"ReadAction\",\"target\":[\"https:\\\/\\\/baan-baan.com\\\/en\\\/produit\\\/bracelet-fil-somone\\\/\"]}]},{\"@type\":\"ImageObject\",\"inLanguage\":\"en-US\",\"@id\":\"https:\\\/\\\/baan-baan.com\\\/en\\\/produit\\\/bracelet-fil-somone\\\/#primaryimage\",\"url\":\"https:\\\/\\\/baan-baan.com\\\/wp-content\\\/uploads\\\/2024\\\/02\\\/Bracelet-fil-somone1.jpg\",\"contentUrl\":\"https:\\\/\\\/baan-baan.com\\\/wp-content\\\/uploads\\\/2024\\\/02\\\/Bracelet-fil-somone1.jpg\",\"width\":1100,\"height\":1100,\"caption\":\"Braclet Fil Somone - BAAN\"},{\"@type\":\"BreadcrumbList\",\"@id\":\"https:\\\/\\\/baan-baan.com\\\/en\\\/produit\\\/bracelet-fil-somone\\\/#breadcrumb\",\"itemListElement\":[{\"@type\":\"ListItem\",\"position\":1,\"name\":\"Home\",\"item\":\"https:\\\/\\\/baan-baan.com\\\/en\\\/\"},{\"@type\":\"ListItem\",\"position\":2,\"name\":\"Shop\",\"item\":\"https:\\\/\\\/baan-baan.com\\\/en\\\/boutique\\\/\"},{\"@type\":\"ListItem\",\"position\":3,\"name\":\"Bracelet fil somone\"}]},{\"@type\":\"WebSite\",\"@id\":\"https:\\\/\\\/baan-baan.com\\\/en\\\/#website\",\"url\":\"https:\\\/\\\/baan-baan.com\\\/en\\\/\",\"name\":\"Baan\",\"description\":\"Home Ethnic Minimalism\",\"publisher\":{\"@id\":\"https:\\\/\\\/baan-baan.com\\\/en\\\/#organization\"},\"potentialAction\":[{\"@type\":\"SearchAction\",\"target\":{\"@type\":\"EntryPoint\",\"urlTemplate\":\"https:\\\/\\\/baan-baan.com\\\/en\\\/?s={search_term_string}\"},\"query-input\":{\"@type\":\"PropertyValueSpecification\",\"valueRequired\":true,\"valueName\":\"search_term_string\"}}],\"inLanguage\":\"en-US\"},{\"@type\":\"Organization\",\"@id\":\"https:\\\/\\\/baan-baan.com\\\/en\\\/#organization\",\"name\":\"Baan\",\"url\":\"https:\\\/\\\/baan-baan.com\\\/en\\\/\",\"logo\":{\"@type\":\"ImageObject\",\"inLanguage\":\"en-US\",\"@id\":\"https:\\\/\\\/baan-baan.com\\\/en\\\/#\\\/schema\\\/logo\\\/image\\\/\",\"url\":\"https:\\\/\\\/baan-baan.com\\\/wp-content\\\/uploads\\\/2023\\\/01\\\/LOGO-BAAN-scaled.jpeg\",\"contentUrl\":\"https:\\\/\\\/baan-baan.com\\\/wp-content\\\/uploads\\\/2023\\\/01\\\/LOGO-BAAN-scaled.jpeg\",\"width\":2560,\"height\":1554,\"caption\":\"Baan\"},\"image\":{\"@id\":\"https:\\\/\\\/baan-baan.com\\\/en\\\/#\\\/schema\\\/logo\\\/image\\\/\"},\"sameAs\":[\"https:\\\/\\\/www.facebook.com\\\/share\\\/1BjwM2bT8W\\\/?mibextid=wwXIfr\",\"https:\\\/\\\/www.instagram.com\\\/baan.ethnic.minimalism?igsh=czMxeWllOGM4MGdp\"]}]}<\/script>\n<!-- \/ Yoast SEO plugin. -->","yoast_head_json":{"title":"Bracelet Fil Somone - Baan Ethnic Minimalism","description":"Le bracelet fil Somone est tiss\u00e9 \u00e0 la main en Afrique, dot\u00e9s d\u2019un fermoir discret. Un bijou raffin\u00e9, issu d\u2019un artisanat d\u2019exception.","robots":{"index":"index","follow":"follow","max-snippet":"max-snippet:-1","max-image-preview":"max-image-preview:large","max-video-preview":"max-video-preview:-1"},"canonical":"https:\/\/baan-baan.com\/en\/produit\/bracelet-fil-somone\/","og_locale":"en_US","og_type":"article","og_title":"Bracelet Fil Somone - Baan Ethnic Minimalism","og_description":"Le bracelet fil Somone est tiss\u00e9 \u00e0 la main en Afrique, dot\u00e9s d\u2019un fermoir discret. Un bijou raffin\u00e9, issu d\u2019un artisanat d\u2019exception.","og_url":"https:\/\/baan-baan.com\/en\/produit\/bracelet-fil-somone\/","og_site_name":"Baan","article_publisher":"https:\/\/www.facebook.com\/share\/1BjwM2bT8W\/?mibextid=wwXIfr","article_modified_time":"2025-08-14T09:42:52+00:00","og_image":[{"width":1100,"height":1100,"url":"https:\/\/baan-baan.com\/wp-content\/uploads\/2024\/02\/Bracelet-fil-somone1.jpg","type":"image\/jpeg"}],"twitter_card":"summary_large_image","twitter_misc":{"Est. reading time":"1 minute"},"schema":{"@context":"https:\/\/schema.org","@graph":[{"@type":"WebPage","@id":"https:\/\/baan-baan.com\/en\/produit\/bracelet-fil-somone\/","url":"https:\/\/baan-baan.com\/en\/produit\/bracelet-fil-somone\/","name":"Bracelet Fil Somone - Baan Ethnic Minimalism","isPartOf":{"@id":"https:\/\/baan-baan.com\/en\/#website"},"primaryImageOfPage":{"@id":"https:\/\/baan-baan.com\/en\/produit\/bracelet-fil-somone\/#primaryimage"},"image":{"@id":"https:\/\/baan-baan.com\/en\/produit\/bracelet-fil-somone\/#primaryimage"},"thumbnailUrl":"https:\/\/baan-baan.com\/wp-content\/uploads\/2024\/02\/Bracelet-fil-somone1.jpg","datePublished":"2023-11-24T12:00:23+00:00","dateModified":"2025-08-14T09:42:52+00:00","description":"Le bracelet fil Somone est tiss\u00e9 \u00e0 la main en Afrique, dot\u00e9s d\u2019un fermoir discret. Un bijou raffin\u00e9, issu d\u2019un artisanat d\u2019exception.","breadcrumb":{"@id":"https:\/\/baan-baan.com\/en\/produit\/bracelet-fil-somone\/#breadcrumb"},"inLanguage":"en-US","potentialAction":[{"@type":"ReadAction","target":["https:\/\/baan-baan.com\/en\/produit\/bracelet-fil-somone\/"]}]},{"@type":"ImageObject","inLanguage":"en-US","@id":"https:\/\/baan-baan.com\/en\/produit\/bracelet-fil-somone\/#primaryimage","url":"https:\/\/baan-baan.com\/wp-content\/uploads\/2024\/02\/Bracelet-fil-somone1.jpg","contentUrl":"https:\/\/baan-baan.com\/wp-content\/uploads\/2024\/02\/Bracelet-fil-somone1.jpg","width":1100,"height":1100,"caption":"Braclet Fil Somone - BAAN"},{"@type":"BreadcrumbList","@id":"https:\/\/baan-baan.com\/en\/produit\/bracelet-fil-somone\/#breadcrumb","itemListElement":[{"@type":"ListItem","position":1,"name":"Home","item":"https:\/\/baan-baan.com\/en\/"},{"@type":"ListItem","position":2,"name":"Shop","item":"https:\/\/baan-baan.com\/en\/boutique\/"},{"@type":"ListItem","position":3,"name":"Bracelet fil somone"}]},{"@type":"WebSite","@id":"https:\/\/baan-baan.com\/en\/#website","url":"https:\/\/baan-baan.com\/en\/","name":"Baan","description":"Home Ethnic Minimalism","publisher":{"@id":"https:\/\/baan-baan.com\/en\/#organization"},"potentialAction":[{"@type":"SearchAction","target":{"@type":"EntryPoint","urlTemplate":"https:\/\/baan-baan.com\/en\/?s={search_term_string}"},"query-input":{"@type":"PropertyValueSpecification","valueRequired":true,"valueName":"search_term_string"}}],"inLanguage":"en-US"},{"@type":"Organization","@id":"https:\/\/baan-baan.com\/en\/#organization","name":"Baan","url":"https:\/\/baan-baan.com\/en\/","logo":{"@type":"ImageObject","inLanguage":"en-US","@id":"https:\/\/baan-baan.com\/en\/#\/schema\/logo\/image\/","url":"https:\/\/baan-baan.com\/wp-content\/uploads\/2023\/01\/LOGO-BAAN-scaled.jpeg","contentUrl":"https:\/\/baan-baan.com\/wp-content\/uploads\/2023\/01\/LOGO-BAAN-scaled.jpeg","width":2560,"height":1554,"caption":"Baan"},"image":{"@id":"https:\/\/baan-baan.com\/en\/#\/schema\/logo\/image\/"},"sameAs":["https:\/\/www.facebook.com\/share\/1BjwM2bT8W\/?mibextid=wwXIfr","https:\/\/www.instagram.com\/baan.ethnic.minimalism?igsh=czMxeWllOGM4MGdp"]}]}},"_links":{"self":[{"href":"https:\/\/baan-baan.com\/en\/wp-json\/wp\/v2\/product\/21714","targetHints":{"allow":["GET"]}}],"collection":[{"href":"https:\/\/baan-baan.com\/en\/wp-json\/wp\/v2\/product"}],"about":[{"href":"https:\/\/baan-baan.com\/en\/wp-json\/wp\/v2\/types\/product"}],"wp:featuredmedia":[{"embeddable":true,"href":"https:\/\/baan-baan.com\/en\/wp-json\/wp\/v2\/media\/21724"}],"wp:attachment":[{"href":"https:\/\/baan-baan.com\/en\/wp-json\/wp\/v2\/media?parent=21714"}],"wp:term":[{"taxonomy":"product_brand","embeddable":true,"href":"https:\/\/baan-baan.com\/en\/wp-json\/wp\/v2\/product_brand?post=21714"},{"taxonomy":"product_cat","embeddable":true,"href":"https:\/\/baan-baan.com\/en\/wp-json\/wp\/v2\/product_cat?post=21714"},{"taxonomy":"product_tag","embeddable":true,"href":"https:\/\/baan-baan.com\/en\/wp-json\/wp\/v2\/product_tag?post=21714"}],"curies":[{"name":"wp","href":"https:\/\/api.w.org\/{rel}","templated":true}]}}