{"id":24415,"date":"2024-08-31T15:57:47","date_gmt":"2024-08-31T14:57:47","guid":{"rendered":"https:\/\/baan-baan.com\/?post_type=product&#038;p=24415"},"modified":"2025-07-30T15:38:04","modified_gmt":"2025-07-30T14:38:04","slug":"pantalon-de-pecheur-teinture-naturelle-rose","status":"publish","type":"product","link":"https:\/\/baan-baan.com\/en\/produit\/pantalon-de-pecheur-teinture-naturelle-rose\/","title":{"rendered":"Pantalon de p\u00eacheur teinture naturelle &#8211; Coconut"},"content":{"rendered":"<p>Ce pantalon de p\u00eacheur tha\u00ef est r\u00e9alis\u00e9 en coton bio. Il se noue avec un lacet qui est cousu dans le dos afin de s\u2019adapter \u00e0 toutes les tailles. Il est teint en teinture naturelle.<\/p>\n<p><strong>Mati\u00e8re :<\/strong> Coton biologique et teinture v\u00e9g\u00e9tale.<\/p>\n<p><strong>Taille :\u00a0<\/strong> ajustable \/ unisexe<\/p>\n<p><strong>Couleur : <\/strong>Coconut (rose p\u00e2le)<\/p>\n<p><strong>Prix<\/strong> : 84 \u20ac<\/p>\n","protected":false},"excerpt":{"rendered":"<p>Ce pantalon de p\u00eacheur tha\u00ef est r\u00e9alis\u00e9 en coton bio. Il se noue avec un lacet qui est cousu dans le dos afin de s\u2019adapter \u00e0 toutes les tailles. Il est teint en teinture naturelle. Mati\u00e8re : Coton biologique et teinture v\u00e9g\u00e9tale. Taille :\u00a0 ajustable \/ unisexe Couleur : Coconut (rose p\u00e2le) Prix : 84 [&hellip;]<\/p>\n","protected":false},"featured_media":24420,"template":"","meta":{"_et_pb_use_builder":"","_et_pb_old_content":"","_et_gb_content_width":""},"product_brand":[],"product_cat":[95],"product_tag":[],"class_list":{"0":"post-24415","1":"product","2":"type-product","3":"status-publish","4":"has-post-thumbnail","6":"product_cat-vetements","8":"first","9":"instock","10":"taxable","11":"shipping-taxable","12":"purchasable","13":"product-type-simple","14":"wcspt-has-gallery"},"yoast_head":"<!-- This site is optimized with the Yoast SEO plugin v27.4 - https:\/\/yoast.com\/product\/yoast-seo-wordpress\/ -->\n<title>Pantalon p\u00eacheur Coconut<\/title>\n<meta name=\"description\" content=\"Ce pantalon de p\u00eacheur tha\u00ef est r\u00e9alis\u00e9 en coton bio. Il est teint en teinture naturelle.\" \/>\n<meta name=\"robots\" content=\"index, follow, max-snippet:-1, max-image-preview:large, max-video-preview:-1\" \/>\n<link rel=\"canonical\" href=\"https:\/\/baan-baan.com\/en\/produit\/pantalon-de-pecheur-teinture-naturelle-rose\/\" \/>\n<meta property=\"og:locale\" content=\"en_US\" \/>\n<meta property=\"og:type\" content=\"article\" \/>\n<meta property=\"og:title\" content=\"Pantalon p\u00eacheur Coconut\" \/>\n<meta property=\"og:description\" content=\"Ce pantalon de p\u00eacheur tha\u00ef est r\u00e9alis\u00e9 en coton bio. Il est teint en teinture naturelle.\" \/>\n<meta property=\"og:url\" content=\"https:\/\/baan-baan.com\/en\/produit\/pantalon-de-pecheur-teinture-naturelle-rose\/\" \/>\n<meta property=\"og:site_name\" content=\"Baan\" \/>\n<meta property=\"article:publisher\" content=\"https:\/\/www.facebook.com\/share\/1BjwM2bT8W\/?mibextid=wwXIfr\" \/>\n<meta property=\"article:modified_time\" content=\"2025-07-30T14:38:04+00:00\" \/>\n<meta property=\"og:image\" content=\"https:\/\/baan-baan.com\/wp-content\/uploads\/2024\/08\/Baan-pantalon-pecheur-teinte-naturellement-coton-biologique-rose-cintre.jpg\" \/>\n\t<meta property=\"og:image:width\" content=\"1100\" \/>\n\t<meta property=\"og:image:height\" content=\"1100\" \/>\n\t<meta property=\"og:image:type\" content=\"image\/jpeg\" \/>\n<meta name=\"twitter:card\" content=\"summary_large_image\" \/>\n<meta name=\"twitter:label1\" content=\"Est. reading time\" \/>\n\t<meta name=\"twitter:data1\" content=\"1 minute\" \/>\n<script type=\"application\/ld+json\" class=\"yoast-schema-graph\">{\"@context\":\"https:\\\/\\\/schema.org\",\"@graph\":[{\"@type\":\"WebPage\",\"@id\":\"https:\\\/\\\/baan-baan.com\\\/en\\\/produit\\\/pantalon-de-pecheur-teinture-naturelle-rose\\\/\",\"url\":\"https:\\\/\\\/baan-baan.com\\\/en\\\/produit\\\/pantalon-de-pecheur-teinture-naturelle-rose\\\/\",\"name\":\"Pantalon p\u00eacheur Coconut\",\"isPartOf\":{\"@id\":\"https:\\\/\\\/baan-baan.com\\\/en\\\/#website\"},\"primaryImageOfPage\":{\"@id\":\"https:\\\/\\\/baan-baan.com\\\/en\\\/produit\\\/pantalon-de-pecheur-teinture-naturelle-rose\\\/#primaryimage\"},\"image\":{\"@id\":\"https:\\\/\\\/baan-baan.com\\\/en\\\/produit\\\/pantalon-de-pecheur-teinture-naturelle-rose\\\/#primaryimage\"},\"thumbnailUrl\":\"https:\\\/\\\/baan-baan.com\\\/wp-content\\\/uploads\\\/2024\\\/08\\\/Baan-pantalon-pecheur-teinte-naturellement-coton-biologique-rose-cintre.jpg\",\"datePublished\":\"2024-08-31T14:57:47+00:00\",\"dateModified\":\"2025-07-30T14:38:04+00:00\",\"description\":\"Ce pantalon de p\u00eacheur tha\u00ef est r\u00e9alis\u00e9 en coton bio. Il est teint en teinture naturelle.\",\"breadcrumb\":{\"@id\":\"https:\\\/\\\/baan-baan.com\\\/en\\\/produit\\\/pantalon-de-pecheur-teinture-naturelle-rose\\\/#breadcrumb\"},\"inLanguage\":\"en-US\",\"potentialAction\":[{\"@type\":\"ReadAction\",\"target\":[\"https:\\\/\\\/baan-baan.com\\\/en\\\/produit\\\/pantalon-de-pecheur-teinture-naturelle-rose\\\/\"]}]},{\"@type\":\"ImageObject\",\"inLanguage\":\"en-US\",\"@id\":\"https:\\\/\\\/baan-baan.com\\\/en\\\/produit\\\/pantalon-de-pecheur-teinture-naturelle-rose\\\/#primaryimage\",\"url\":\"https:\\\/\\\/baan-baan.com\\\/wp-content\\\/uploads\\\/2024\\\/08\\\/Baan-pantalon-pecheur-teinte-naturellement-coton-biologique-rose-cintre.jpg\",\"contentUrl\":\"https:\\\/\\\/baan-baan.com\\\/wp-content\\\/uploads\\\/2024\\\/08\\\/Baan-pantalon-pecheur-teinte-naturellement-coton-biologique-rose-cintre.jpg\",\"width\":1100,\"height\":1100,\"caption\":\"Pantalon p\u00eacheur Coconut - BAAN\"},{\"@type\":\"BreadcrumbList\",\"@id\":\"https:\\\/\\\/baan-baan.com\\\/en\\\/produit\\\/pantalon-de-pecheur-teinture-naturelle-rose\\\/#breadcrumb\",\"itemListElement\":[{\"@type\":\"ListItem\",\"position\":1,\"name\":\"Home\",\"item\":\"https:\\\/\\\/baan-baan.com\\\/en\\\/\"},{\"@type\":\"ListItem\",\"position\":2,\"name\":\"Shop\",\"item\":\"https:\\\/\\\/baan-baan.com\\\/en\\\/boutique\\\/\"},{\"@type\":\"ListItem\",\"position\":3,\"name\":\"Pantalon de p\u00eacheur teinture naturelle &#8211; Coconut\"}]},{\"@type\":\"WebSite\",\"@id\":\"https:\\\/\\\/baan-baan.com\\\/en\\\/#website\",\"url\":\"https:\\\/\\\/baan-baan.com\\\/en\\\/\",\"name\":\"Baan\",\"description\":\"Home Ethnic Minimalism\",\"publisher\":{\"@id\":\"https:\\\/\\\/baan-baan.com\\\/en\\\/#organization\"},\"potentialAction\":[{\"@type\":\"SearchAction\",\"target\":{\"@type\":\"EntryPoint\",\"urlTemplate\":\"https:\\\/\\\/baan-baan.com\\\/en\\\/?s={search_term_string}\"},\"query-input\":{\"@type\":\"PropertyValueSpecification\",\"valueRequired\":true,\"valueName\":\"search_term_string\"}}],\"inLanguage\":\"en-US\"},{\"@type\":\"Organization\",\"@id\":\"https:\\\/\\\/baan-baan.com\\\/en\\\/#organization\",\"name\":\"Baan\",\"url\":\"https:\\\/\\\/baan-baan.com\\\/en\\\/\",\"logo\":{\"@type\":\"ImageObject\",\"inLanguage\":\"en-US\",\"@id\":\"https:\\\/\\\/baan-baan.com\\\/en\\\/#\\\/schema\\\/logo\\\/image\\\/\",\"url\":\"https:\\\/\\\/baan-baan.com\\\/wp-content\\\/uploads\\\/2023\\\/01\\\/LOGO-BAAN-scaled.jpeg\",\"contentUrl\":\"https:\\\/\\\/baan-baan.com\\\/wp-content\\\/uploads\\\/2023\\\/01\\\/LOGO-BAAN-scaled.jpeg\",\"width\":2560,\"height\":1554,\"caption\":\"Baan\"},\"image\":{\"@id\":\"https:\\\/\\\/baan-baan.com\\\/en\\\/#\\\/schema\\\/logo\\\/image\\\/\"},\"sameAs\":[\"https:\\\/\\\/www.facebook.com\\\/share\\\/1BjwM2bT8W\\\/?mibextid=wwXIfr\",\"https:\\\/\\\/www.instagram.com\\\/baan.ethnic.minimalism?igsh=czMxeWllOGM4MGdp\"]}]}<\/script>\n<!-- \/ Yoast SEO plugin. -->","yoast_head_json":{"title":"Pantalon p\u00eacheur Coconut","description":"Ce pantalon de p\u00eacheur tha\u00ef est r\u00e9alis\u00e9 en coton bio. Il est teint en teinture naturelle.","robots":{"index":"index","follow":"follow","max-snippet":"max-snippet:-1","max-image-preview":"max-image-preview:large","max-video-preview":"max-video-preview:-1"},"canonical":"https:\/\/baan-baan.com\/en\/produit\/pantalon-de-pecheur-teinture-naturelle-rose\/","og_locale":"en_US","og_type":"article","og_title":"Pantalon p\u00eacheur Coconut","og_description":"Ce pantalon de p\u00eacheur tha\u00ef est r\u00e9alis\u00e9 en coton bio. Il est teint en teinture naturelle.","og_url":"https:\/\/baan-baan.com\/en\/produit\/pantalon-de-pecheur-teinture-naturelle-rose\/","og_site_name":"Baan","article_publisher":"https:\/\/www.facebook.com\/share\/1BjwM2bT8W\/?mibextid=wwXIfr","article_modified_time":"2025-07-30T14:38:04+00:00","og_image":[{"width":1100,"height":1100,"url":"https:\/\/baan-baan.com\/wp-content\/uploads\/2024\/08\/Baan-pantalon-pecheur-teinte-naturellement-coton-biologique-rose-cintre.jpg","type":"image\/jpeg"}],"twitter_card":"summary_large_image","twitter_misc":{"Est. reading time":"1 minute"},"schema":{"@context":"https:\/\/schema.org","@graph":[{"@type":"WebPage","@id":"https:\/\/baan-baan.com\/en\/produit\/pantalon-de-pecheur-teinture-naturelle-rose\/","url":"https:\/\/baan-baan.com\/en\/produit\/pantalon-de-pecheur-teinture-naturelle-rose\/","name":"Pantalon p\u00eacheur Coconut","isPartOf":{"@id":"https:\/\/baan-baan.com\/en\/#website"},"primaryImageOfPage":{"@id":"https:\/\/baan-baan.com\/en\/produit\/pantalon-de-pecheur-teinture-naturelle-rose\/#primaryimage"},"image":{"@id":"https:\/\/baan-baan.com\/en\/produit\/pantalon-de-pecheur-teinture-naturelle-rose\/#primaryimage"},"thumbnailUrl":"https:\/\/baan-baan.com\/wp-content\/uploads\/2024\/08\/Baan-pantalon-pecheur-teinte-naturellement-coton-biologique-rose-cintre.jpg","datePublished":"2024-08-31T14:57:47+00:00","dateModified":"2025-07-30T14:38:04+00:00","description":"Ce pantalon de p\u00eacheur tha\u00ef est r\u00e9alis\u00e9 en coton bio. Il est teint en teinture naturelle.","breadcrumb":{"@id":"https:\/\/baan-baan.com\/en\/produit\/pantalon-de-pecheur-teinture-naturelle-rose\/#breadcrumb"},"inLanguage":"en-US","potentialAction":[{"@type":"ReadAction","target":["https:\/\/baan-baan.com\/en\/produit\/pantalon-de-pecheur-teinture-naturelle-rose\/"]}]},{"@type":"ImageObject","inLanguage":"en-US","@id":"https:\/\/baan-baan.com\/en\/produit\/pantalon-de-pecheur-teinture-naturelle-rose\/#primaryimage","url":"https:\/\/baan-baan.com\/wp-content\/uploads\/2024\/08\/Baan-pantalon-pecheur-teinte-naturellement-coton-biologique-rose-cintre.jpg","contentUrl":"https:\/\/baan-baan.com\/wp-content\/uploads\/2024\/08\/Baan-pantalon-pecheur-teinte-naturellement-coton-biologique-rose-cintre.jpg","width":1100,"height":1100,"caption":"Pantalon p\u00eacheur Coconut - BAAN"},{"@type":"BreadcrumbList","@id":"https:\/\/baan-baan.com\/en\/produit\/pantalon-de-pecheur-teinture-naturelle-rose\/#breadcrumb","itemListElement":[{"@type":"ListItem","position":1,"name":"Home","item":"https:\/\/baan-baan.com\/en\/"},{"@type":"ListItem","position":2,"name":"Shop","item":"https:\/\/baan-baan.com\/en\/boutique\/"},{"@type":"ListItem","position":3,"name":"Pantalon de p\u00eacheur teinture naturelle &#8211; Coconut"}]},{"@type":"WebSite","@id":"https:\/\/baan-baan.com\/en\/#website","url":"https:\/\/baan-baan.com\/en\/","name":"Baan","description":"Home Ethnic Minimalism","publisher":{"@id":"https:\/\/baan-baan.com\/en\/#organization"},"potentialAction":[{"@type":"SearchAction","target":{"@type":"EntryPoint","urlTemplate":"https:\/\/baan-baan.com\/en\/?s={search_term_string}"},"query-input":{"@type":"PropertyValueSpecification","valueRequired":true,"valueName":"search_term_string"}}],"inLanguage":"en-US"},{"@type":"Organization","@id":"https:\/\/baan-baan.com\/en\/#organization","name":"Baan","url":"https:\/\/baan-baan.com\/en\/","logo":{"@type":"ImageObject","inLanguage":"en-US","@id":"https:\/\/baan-baan.com\/en\/#\/schema\/logo\/image\/","url":"https:\/\/baan-baan.com\/wp-content\/uploads\/2023\/01\/LOGO-BAAN-scaled.jpeg","contentUrl":"https:\/\/baan-baan.com\/wp-content\/uploads\/2023\/01\/LOGO-BAAN-scaled.jpeg","width":2560,"height":1554,"caption":"Baan"},"image":{"@id":"https:\/\/baan-baan.com\/en\/#\/schema\/logo\/image\/"},"sameAs":["https:\/\/www.facebook.com\/share\/1BjwM2bT8W\/?mibextid=wwXIfr","https:\/\/www.instagram.com\/baan.ethnic.minimalism?igsh=czMxeWllOGM4MGdp"]}]}},"_links":{"self":[{"href":"https:\/\/baan-baan.com\/en\/wp-json\/wp\/v2\/product\/24415","targetHints":{"allow":["GET"]}}],"collection":[{"href":"https:\/\/baan-baan.com\/en\/wp-json\/wp\/v2\/product"}],"about":[{"href":"https:\/\/baan-baan.com\/en\/wp-json\/wp\/v2\/types\/product"}],"wp:featuredmedia":[{"embeddable":true,"href":"https:\/\/baan-baan.com\/en\/wp-json\/wp\/v2\/media\/24420"}],"wp:attachment":[{"href":"https:\/\/baan-baan.com\/en\/wp-json\/wp\/v2\/media?parent=24415"}],"wp:term":[{"taxonomy":"product_brand","embeddable":true,"href":"https:\/\/baan-baan.com\/en\/wp-json\/wp\/v2\/product_brand?post=24415"},{"taxonomy":"product_cat","embeddable":true,"href":"https:\/\/baan-baan.com\/en\/wp-json\/wp\/v2\/product_cat?post=24415"},{"taxonomy":"product_tag","embeddable":true,"href":"https:\/\/baan-baan.com\/en\/wp-json\/wp\/v2\/product_tag?post=24415"}],"curies":[{"name":"wp","href":"https:\/\/api.w.org\/{rel}","templated":true}]}}