{"id":4244,"date":"2024-02-08T03:03:56","date_gmt":"2018-10-03T11:03:56","guid":{"rendered":"https:\/\/dev.baan-baan.com\/produit\/thick-braided-buddhist-ring\/"},"modified":"2021-02-15T12:21:06","modified_gmt":"2021-02-15T11:21:06","slug":"thick-braided-buddhist-ring","status":"publish","type":"product","link":"https:\/\/baan-baan.com\/en\/produit\/thick-braided-buddhist-ring\/","title":{"rendered":"Thick Braided Buddhist Ring"},"content":{"rendered":"<div>The Baan Buddhist jewelry collection is inspired by a traditional lucky charm ring pattern in Buddhist countries.\u00a0<\/p>\n<div>They are filled with gold leaves used for Buddhist worship and blessed by monks in temples. Baan has discovered this bracelet and has created a whole collection in 2010 from this traditional jewel and offers many models: copper, twisted, silver, braid, thick and thin models.\u00a0<br \/>All these variations are original creations of the brand Baan and have become our timeless jewelry.<\/div>\n<\/div>\n<div>\u00a0<\/div>\n<div><strong>Sizes :\u00a0<\/strong><\/div>\n<div><strong>\u00a0<\/strong><\/div>\n<div>S : 50-52<br \/>M : 54-56<br \/>L : 58-60<br \/>XL : 62-64\u00a0<\/div>\n<div>\u00a0<\/div>\n<div>\n<p class=\"style6\"><strong>Material :<\/strong>\u00a0<br \/>Transparent soft bangle filled with gold leaves<\/p>\n<p class=\"style6\"><strong>Sold individually<\/strong><\/p>\n<\/div>\n","protected":false},"excerpt":{"rendered":"<p>The Baan Buddhist jewelry collection is inspired by a traditional lucky charm ring pattern in Buddhist countries.\u00a0 They are filled with gold leaves used for Buddhist worship and blessed by monks in temples. Baan has discovered this bracelet and has created a whole collection in 2010 from this traditional jewel and offers many models: copper, [&hellip;]<\/p>\n","protected":false},"featured_media":22241,"template":"","meta":{"_et_pb_use_builder":"","_et_pb_old_content":"","_et_gb_content_width":""},"product_brand":[],"product_cat":[287],"product_tag":[],"class_list":{"0":"post-4244","1":"product","2":"type-product","3":"status-publish","4":"has-post-thumbnail","6":"product_cat-baan-buddhist-bangles","7":"product_shipping_class-bijoux5-5-en","9":"first","10":"instock","11":"taxable","12":"shipping-taxable","13":"purchasable","14":"product-type-variable","15":"wcspt-has-gallery"},"yoast_head":"<!-- This site is optimized with the Yoast SEO plugin v27.4 - https:\/\/yoast.com\/product\/yoast-seo-wordpress\/ -->\n<title>Thick Braided Buddhist Ring - Baan<\/title>\n<meta name=\"description\" content=\"The Baan Buddhist jewelry collection is inspired by a traditional lucky charm ring pattern in Buddhist countries.\u00a0 They are filled with gold leaves used\" \/>\n<meta name=\"robots\" content=\"index, follow, max-snippet:-1, max-image-preview:large, max-video-preview:-1\" \/>\n<link rel=\"canonical\" href=\"https:\/\/baan-baan.com\/en\/produit\/thick-braided-buddhist-ring\/\" \/>\n<meta property=\"og:locale\" content=\"en_US\" \/>\n<meta property=\"og:type\" content=\"article\" \/>\n<meta property=\"og:title\" content=\"Thick Braided Buddhist Ring - Baan\" \/>\n<meta property=\"og:description\" content=\"The Baan Buddhist jewelry collection is inspired by a traditional lucky charm ring pattern in Buddhist countries.\u00a0 They are filled with gold leaves used\" \/>\n<meta property=\"og:url\" content=\"https:\/\/baan-baan.com\/en\/produit\/thick-braided-buddhist-ring\/\" \/>\n<meta property=\"og:site_name\" content=\"Baan\" \/>\n<meta property=\"article:publisher\" content=\"https:\/\/www.facebook.com\/share\/1BjwM2bT8W\/?mibextid=wwXIfr\" \/>\n<meta property=\"article:modified_time\" content=\"2021-02-15T11:21:06+00:00\" \/>\n<meta property=\"og:image\" content=\"https:\/\/baan-baan.com\/wp-content\/uploads\/2024\/02\/Bague-torsadee-or-epais-Baan-portee-B.jpg\" \/>\n\t<meta property=\"og:image:width\" content=\"1100\" \/>\n\t<meta property=\"og:image:height\" content=\"1100\" \/>\n\t<meta property=\"og:image:type\" content=\"image\/jpeg\" \/>\n<meta name=\"twitter:card\" content=\"summary_large_image\" \/>\n<script type=\"application\/ld+json\" class=\"yoast-schema-graph\">{\"@context\":\"https:\\\/\\\/schema.org\",\"@graph\":[{\"@type\":\"WebPage\",\"@id\":\"https:\\\/\\\/baan-baan.com\\\/en\\\/produit\\\/thick-braided-buddhist-ring\\\/\",\"url\":\"https:\\\/\\\/baan-baan.com\\\/en\\\/produit\\\/thick-braided-buddhist-ring\\\/\",\"name\":\"Thick Braided Buddhist Ring - Baan\",\"isPartOf\":{\"@id\":\"https:\\\/\\\/baan-baan.com\\\/en\\\/#website\"},\"primaryImageOfPage\":{\"@id\":\"https:\\\/\\\/baan-baan.com\\\/en\\\/produit\\\/thick-braided-buddhist-ring\\\/#primaryimage\"},\"image\":{\"@id\":\"https:\\\/\\\/baan-baan.com\\\/en\\\/produit\\\/thick-braided-buddhist-ring\\\/#primaryimage\"},\"thumbnailUrl\":\"https:\\\/\\\/baan-baan.com\\\/wp-content\\\/uploads\\\/2024\\\/02\\\/Bague-torsadee-or-epais-Baan-portee-B.jpg\",\"datePublished\":\"2018-10-03T11:03:56+00:00\",\"dateModified\":\"2021-02-15T11:21:06+00:00\",\"description\":\"The Baan Buddhist jewelry collection is inspired by a traditional lucky charm ring pattern in Buddhist countries.\u00a0 They are filled with gold leaves used\",\"breadcrumb\":{\"@id\":\"https:\\\/\\\/baan-baan.com\\\/en\\\/produit\\\/thick-braided-buddhist-ring\\\/#breadcrumb\"},\"inLanguage\":\"en-US\",\"potentialAction\":[{\"@type\":\"ReadAction\",\"target\":[\"https:\\\/\\\/baan-baan.com\\\/en\\\/produit\\\/thick-braided-buddhist-ring\\\/\"]}]},{\"@type\":\"ImageObject\",\"inLanguage\":\"en-US\",\"@id\":\"https:\\\/\\\/baan-baan.com\\\/en\\\/produit\\\/thick-braided-buddhist-ring\\\/#primaryimage\",\"url\":\"https:\\\/\\\/baan-baan.com\\\/wp-content\\\/uploads\\\/2024\\\/02\\\/Bague-torsadee-or-epais-Baan-portee-B.jpg\",\"contentUrl\":\"https:\\\/\\\/baan-baan.com\\\/wp-content\\\/uploads\\\/2024\\\/02\\\/Bague-torsadee-or-epais-Baan-portee-B.jpg\",\"width\":1100,\"height\":1100,\"caption\":\"Bague torsad\u00e9e or \u00e9pais Baan port\u00e9e\"},{\"@type\":\"BreadcrumbList\",\"@id\":\"https:\\\/\\\/baan-baan.com\\\/en\\\/produit\\\/thick-braided-buddhist-ring\\\/#breadcrumb\",\"itemListElement\":[{\"@type\":\"ListItem\",\"position\":1,\"name\":\"Home\",\"item\":\"https:\\\/\\\/baan-baan.com\\\/en\\\/\"},{\"@type\":\"ListItem\",\"position\":2,\"name\":\"Shop\",\"item\":\"https:\\\/\\\/baan-baan.com\\\/en\\\/boutique\\\/\"},{\"@type\":\"ListItem\",\"position\":3,\"name\":\"Thick Braided Buddhist Ring\"}]},{\"@type\":\"WebSite\",\"@id\":\"https:\\\/\\\/baan-baan.com\\\/en\\\/#website\",\"url\":\"https:\\\/\\\/baan-baan.com\\\/en\\\/\",\"name\":\"Baan\",\"description\":\"Home Ethnic Minimalism\",\"publisher\":{\"@id\":\"https:\\\/\\\/baan-baan.com\\\/en\\\/#organization\"},\"potentialAction\":[{\"@type\":\"SearchAction\",\"target\":{\"@type\":\"EntryPoint\",\"urlTemplate\":\"https:\\\/\\\/baan-baan.com\\\/en\\\/?s={search_term_string}\"},\"query-input\":{\"@type\":\"PropertyValueSpecification\",\"valueRequired\":true,\"valueName\":\"search_term_string\"}}],\"inLanguage\":\"en-US\"},{\"@type\":\"Organization\",\"@id\":\"https:\\\/\\\/baan-baan.com\\\/en\\\/#organization\",\"name\":\"Baan\",\"url\":\"https:\\\/\\\/baan-baan.com\\\/en\\\/\",\"logo\":{\"@type\":\"ImageObject\",\"inLanguage\":\"en-US\",\"@id\":\"https:\\\/\\\/baan-baan.com\\\/en\\\/#\\\/schema\\\/logo\\\/image\\\/\",\"url\":\"https:\\\/\\\/baan-baan.com\\\/wp-content\\\/uploads\\\/2023\\\/01\\\/LOGO-BAAN-scaled.jpeg\",\"contentUrl\":\"https:\\\/\\\/baan-baan.com\\\/wp-content\\\/uploads\\\/2023\\\/01\\\/LOGO-BAAN-scaled.jpeg\",\"width\":2560,\"height\":1554,\"caption\":\"Baan\"},\"image\":{\"@id\":\"https:\\\/\\\/baan-baan.com\\\/en\\\/#\\\/schema\\\/logo\\\/image\\\/\"},\"sameAs\":[\"https:\\\/\\\/www.facebook.com\\\/share\\\/1BjwM2bT8W\\\/?mibextid=wwXIfr\",\"https:\\\/\\\/www.instagram.com\\\/baan.ethnic.minimalism?igsh=czMxeWllOGM4MGdp\"]}]}<\/script>\n<!-- \/ Yoast SEO plugin. -->","yoast_head_json":{"title":"Thick Braided Buddhist Ring - Baan","description":"The Baan Buddhist jewelry collection is inspired by a traditional lucky charm ring pattern in Buddhist countries.\u00a0 They are filled with gold leaves used","robots":{"index":"index","follow":"follow","max-snippet":"max-snippet:-1","max-image-preview":"max-image-preview:large","max-video-preview":"max-video-preview:-1"},"canonical":"https:\/\/baan-baan.com\/en\/produit\/thick-braided-buddhist-ring\/","og_locale":"en_US","og_type":"article","og_title":"Thick Braided Buddhist Ring - Baan","og_description":"The Baan Buddhist jewelry collection is inspired by a traditional lucky charm ring pattern in Buddhist countries.\u00a0 They are filled with gold leaves used","og_url":"https:\/\/baan-baan.com\/en\/produit\/thick-braided-buddhist-ring\/","og_site_name":"Baan","article_publisher":"https:\/\/www.facebook.com\/share\/1BjwM2bT8W\/?mibextid=wwXIfr","article_modified_time":"2021-02-15T11:21:06+00:00","og_image":[{"width":1100,"height":1100,"url":"https:\/\/baan-baan.com\/wp-content\/uploads\/2024\/02\/Bague-torsadee-or-epais-Baan-portee-B.jpg","type":"image\/jpeg"}],"twitter_card":"summary_large_image","schema":{"@context":"https:\/\/schema.org","@graph":[{"@type":"WebPage","@id":"https:\/\/baan-baan.com\/en\/produit\/thick-braided-buddhist-ring\/","url":"https:\/\/baan-baan.com\/en\/produit\/thick-braided-buddhist-ring\/","name":"Thick Braided Buddhist Ring - Baan","isPartOf":{"@id":"https:\/\/baan-baan.com\/en\/#website"},"primaryImageOfPage":{"@id":"https:\/\/baan-baan.com\/en\/produit\/thick-braided-buddhist-ring\/#primaryimage"},"image":{"@id":"https:\/\/baan-baan.com\/en\/produit\/thick-braided-buddhist-ring\/#primaryimage"},"thumbnailUrl":"https:\/\/baan-baan.com\/wp-content\/uploads\/2024\/02\/Bague-torsadee-or-epais-Baan-portee-B.jpg","datePublished":"2018-10-03T11:03:56+00:00","dateModified":"2021-02-15T11:21:06+00:00","description":"The Baan Buddhist jewelry collection is inspired by a traditional lucky charm ring pattern in Buddhist countries.\u00a0 They are filled with gold leaves used","breadcrumb":{"@id":"https:\/\/baan-baan.com\/en\/produit\/thick-braided-buddhist-ring\/#breadcrumb"},"inLanguage":"en-US","potentialAction":[{"@type":"ReadAction","target":["https:\/\/baan-baan.com\/en\/produit\/thick-braided-buddhist-ring\/"]}]},{"@type":"ImageObject","inLanguage":"en-US","@id":"https:\/\/baan-baan.com\/en\/produit\/thick-braided-buddhist-ring\/#primaryimage","url":"https:\/\/baan-baan.com\/wp-content\/uploads\/2024\/02\/Bague-torsadee-or-epais-Baan-portee-B.jpg","contentUrl":"https:\/\/baan-baan.com\/wp-content\/uploads\/2024\/02\/Bague-torsadee-or-epais-Baan-portee-B.jpg","width":1100,"height":1100,"caption":"Bague torsad\u00e9e or \u00e9pais Baan port\u00e9e"},{"@type":"BreadcrumbList","@id":"https:\/\/baan-baan.com\/en\/produit\/thick-braided-buddhist-ring\/#breadcrumb","itemListElement":[{"@type":"ListItem","position":1,"name":"Home","item":"https:\/\/baan-baan.com\/en\/"},{"@type":"ListItem","position":2,"name":"Shop","item":"https:\/\/baan-baan.com\/en\/boutique\/"},{"@type":"ListItem","position":3,"name":"Thick Braided Buddhist Ring"}]},{"@type":"WebSite","@id":"https:\/\/baan-baan.com\/en\/#website","url":"https:\/\/baan-baan.com\/en\/","name":"Baan","description":"Home Ethnic Minimalism","publisher":{"@id":"https:\/\/baan-baan.com\/en\/#organization"},"potentialAction":[{"@type":"SearchAction","target":{"@type":"EntryPoint","urlTemplate":"https:\/\/baan-baan.com\/en\/?s={search_term_string}"},"query-input":{"@type":"PropertyValueSpecification","valueRequired":true,"valueName":"search_term_string"}}],"inLanguage":"en-US"},{"@type":"Organization","@id":"https:\/\/baan-baan.com\/en\/#organization","name":"Baan","url":"https:\/\/baan-baan.com\/en\/","logo":{"@type":"ImageObject","inLanguage":"en-US","@id":"https:\/\/baan-baan.com\/en\/#\/schema\/logo\/image\/","url":"https:\/\/baan-baan.com\/wp-content\/uploads\/2023\/01\/LOGO-BAAN-scaled.jpeg","contentUrl":"https:\/\/baan-baan.com\/wp-content\/uploads\/2023\/01\/LOGO-BAAN-scaled.jpeg","width":2560,"height":1554,"caption":"Baan"},"image":{"@id":"https:\/\/baan-baan.com\/en\/#\/schema\/logo\/image\/"},"sameAs":["https:\/\/www.facebook.com\/share\/1BjwM2bT8W\/?mibextid=wwXIfr","https:\/\/www.instagram.com\/baan.ethnic.minimalism?igsh=czMxeWllOGM4MGdp"]}]}},"_links":{"self":[{"href":"https:\/\/baan-baan.com\/en\/wp-json\/wp\/v2\/product\/4244","targetHints":{"allow":["GET"]}}],"collection":[{"href":"https:\/\/baan-baan.com\/en\/wp-json\/wp\/v2\/product"}],"about":[{"href":"https:\/\/baan-baan.com\/en\/wp-json\/wp\/v2\/types\/product"}],"wp:featuredmedia":[{"embeddable":true,"href":"https:\/\/baan-baan.com\/en\/wp-json\/wp\/v2\/media\/22241"}],"wp:attachment":[{"href":"https:\/\/baan-baan.com\/en\/wp-json\/wp\/v2\/media?parent=4244"}],"wp:term":[{"taxonomy":"product_brand","embeddable":true,"href":"https:\/\/baan-baan.com\/en\/wp-json\/wp\/v2\/product_brand?post=4244"},{"taxonomy":"product_cat","embeddable":true,"href":"https:\/\/baan-baan.com\/en\/wp-json\/wp\/v2\/product_cat?post=4244"},{"taxonomy":"product_tag","embeddable":true,"href":"https:\/\/baan-baan.com\/en\/wp-json\/wp\/v2\/product_tag?post=4244"}],"curies":[{"name":"wp","href":"https:\/\/api.w.org\/{rel}","templated":true}]}}