{"id":13909,"date":"2021-03-16T17:06:49","date_gmt":"2021-03-16T16:06:49","guid":{"rendered":"https:\/\/baan-baan.com\/pro\/?post_type=product&#038;p=13909"},"modified":"2024-11-26T15:23:02","modified_gmt":"2024-11-26T14:23:02","slug":"boucles-doreilles-eventail","status":"publish","type":"product","link":"https:\/\/baan-baan.com\/pro\/fr\/produit\/boucles-doreilles-eventail\/","title":{"rendered":"Boucles d\u2019oreilles \u00c9ventail"},"content":{"rendered":"<h3><span style=\"color: #666666; font-size: 14px;\">Boucles d&rsquo;oreilles en argent r\u00e9alis\u00e9es par les Karen.<br \/>\nLes Karen sont un groupe ethnique tib\u00e9to-birman de 4 \u00e0 5 millions de personnes, dont 10 % environ vivent en Tha\u00eflande et 90 % en Birmanie.<\/span><\/h3>\n<p><strong>Mati\u00e8re<\/strong> : <span style=\"color: #666666; font-size: 14px;\">Argent<\/span><\/p>\n<p><strong>Couleur :<\/strong> Argent<\/p>\n<p><strong>Taille :<\/strong><br \/>\nPetites : 3cm<br \/>\nMoyennes : 4cm<\/p>\n<p><strong>Prix public conseill\u00e9 TTC :<\/strong><br \/>\nPetites : 70 \u20ac<br \/>\nMoyennes : 80 \u20ac<\/p>\n","protected":false},"excerpt":{"rendered":"<p>Boucles d&rsquo;oreilles en argent r\u00e9alis\u00e9es par les Karen. Les Karen sont un groupe ethnique tib\u00e9to-birman de 4 \u00e0 5 millions de personnes, dont 10 % environ vivent en Tha\u00eflande et 90 % en Birmanie. Mati\u00e8re : Argent Couleur : Argent Taille : Petites : 3cm Moyennes : 4cm Prix public conseill\u00e9 TTC : Petites : [&hellip;]<\/p>\n","protected":false},"featured_media":13912,"template":"","meta":{"_et_pb_use_builder":"","_et_pb_old_content":"","_et_gb_content_width":""},"product_brand":[],"product_cat":[98],"product_tag":[],"class_list":{"0":"post-13909","1":"product","2":"type-product","3":"status-publish","4":"has-post-thumbnail","6":"product_cat-bijoux-2","8":"first","9":"instock","10":"taxable","11":"shipping-taxable","12":"purchasable","13":"product-type-variable","14":"wcspt-has-gallery"},"yoast_head":"<!-- This site is optimized with the Yoast SEO plugin v27.5 - https:\/\/yoast.com\/product\/yoast-seo-wordpress\/ -->\n<title>Boucles d\u2019oreilles \u00c9ventail - Baan Pro<\/title>\n<meta name=\"robots\" content=\"noindex, follow, max-snippet:-1, max-image-preview:large, max-video-preview:-1\" \/>\n<meta property=\"og:locale\" content=\"fr_FR\" \/>\n<meta property=\"og:type\" content=\"article\" \/>\n<meta property=\"og:title\" content=\"Boucles d\u2019oreilles \u00c9ventail - Baan Pro\" \/>\n<meta property=\"og:description\" content=\"Boucles d&rsquo;oreilles en argent r\u00e9alis\u00e9es par les Karen. Les Karen sont un groupe ethnique tib\u00e9to-birman de 4 \u00e0 5 millions de personnes, dont 10 % environ vivent en Tha\u00eflande et 90 % en Birmanie. Mati\u00e8re : Argent Couleur : Argent Taille : Petites : 3cm Moyennes : 4cm Prix public conseill\u00e9 TTC : Petites : [&hellip;]\" \/>\n<meta property=\"og:url\" content=\"https:\/\/baan-baan.com\/pro\/fr\/produit\/boucles-doreilles-eventail\/\" \/>\n<meta property=\"og:site_name\" content=\"Baan Pro\" \/>\n<meta property=\"article:publisher\" content=\"https:\/\/www.facebook.com\/share\/1BjwM2bT8W\/?mibextid=wwXIfr\" \/>\n<meta property=\"article:modified_time\" content=\"2024-11-26T14:23:02+00:00\" \/>\n<meta property=\"og:image\" content=\"https:\/\/baan-baan.com\/pro\/wp-content\/uploads\/sites\/6\/2021\/03\/BO-Eventail.png\" \/>\n\t<meta property=\"og:image:width\" content=\"589\" \/>\n\t<meta property=\"og:image:height\" content=\"704\" \/>\n\t<meta property=\"og:image:type\" content=\"image\/png\" \/>\n<meta name=\"twitter:card\" content=\"summary_large_image\" \/>\n<script type=\"application\/ld+json\" class=\"yoast-schema-graph\">{\"@context\":\"https:\\\/\\\/schema.org\",\"@graph\":[{\"@type\":\"WebPage\",\"@id\":\"https:\\\/\\\/baan-baan.com\\\/pro\\\/fr\\\/produit\\\/boucles-doreilles-eventail\\\/\",\"url\":\"https:\\\/\\\/baan-baan.com\\\/pro\\\/fr\\\/produit\\\/boucles-doreilles-eventail\\\/\",\"name\":\"Boucles d\u2019oreilles \u00c9ventail - Baan Pro\",\"isPartOf\":{\"@id\":\"https:\\\/\\\/baan-baan.com\\\/pro\\\/fr\\\/#website\"},\"primaryImageOfPage\":{\"@id\":\"https:\\\/\\\/baan-baan.com\\\/pro\\\/fr\\\/produit\\\/boucles-doreilles-eventail\\\/#primaryimage\"},\"image\":{\"@id\":\"https:\\\/\\\/baan-baan.com\\\/pro\\\/fr\\\/produit\\\/boucles-doreilles-eventail\\\/#primaryimage\"},\"thumbnailUrl\":\"https:\\\/\\\/baan-baan.com\\\/pro\\\/wp-content\\\/uploads\\\/sites\\\/6\\\/2021\\\/03\\\/BO-Eventail.png\",\"datePublished\":\"2021-03-16T16:06:49+00:00\",\"dateModified\":\"2024-11-26T14:23:02+00:00\",\"breadcrumb\":{\"@id\":\"https:\\\/\\\/baan-baan.com\\\/pro\\\/fr\\\/produit\\\/boucles-doreilles-eventail\\\/#breadcrumb\"},\"inLanguage\":\"fr-FR\",\"potentialAction\":[{\"@type\":\"ReadAction\",\"target\":[\"https:\\\/\\\/baan-baan.com\\\/pro\\\/fr\\\/produit\\\/boucles-doreilles-eventail\\\/\"]}]},{\"@type\":\"ImageObject\",\"inLanguage\":\"fr-FR\",\"@id\":\"https:\\\/\\\/baan-baan.com\\\/pro\\\/fr\\\/produit\\\/boucles-doreilles-eventail\\\/#primaryimage\",\"url\":\"https:\\\/\\\/baan-baan.com\\\/pro\\\/wp-content\\\/uploads\\\/sites\\\/6\\\/2021\\\/03\\\/BO-Eventail.png\",\"contentUrl\":\"https:\\\/\\\/baan-baan.com\\\/pro\\\/wp-content\\\/uploads\\\/sites\\\/6\\\/2021\\\/03\\\/BO-Eventail.png\",\"width\":589,\"height\":704},{\"@type\":\"BreadcrumbList\",\"@id\":\"https:\\\/\\\/baan-baan.com\\\/pro\\\/fr\\\/produit\\\/boucles-doreilles-eventail\\\/#breadcrumb\",\"itemListElement\":[{\"@type\":\"ListItem\",\"position\":1,\"name\":\"Home\",\"item\":\"https:\\\/\\\/baan-baan.com\\\/pro\\\/fr\\\/\"},{\"@type\":\"ListItem\",\"position\":2,\"name\":\"Boutique\",\"item\":\"https:\\\/\\\/baan-baan.com\\\/pro\\\/fr\\\/boutique\\\/\"},{\"@type\":\"ListItem\",\"position\":3,\"name\":\"Boucles d\u2019oreilles \u00c9ventail\"}]},{\"@type\":\"WebSite\",\"@id\":\"https:\\\/\\\/baan-baan.com\\\/pro\\\/fr\\\/#website\",\"url\":\"https:\\\/\\\/baan-baan.com\\\/pro\\\/fr\\\/\",\"name\":\"Baan Pro\",\"description\":\"\",\"publisher\":{\"@id\":\"https:\\\/\\\/baan-baan.com\\\/pro\\\/fr\\\/#organization\"},\"potentialAction\":[{\"@type\":\"SearchAction\",\"target\":{\"@type\":\"EntryPoint\",\"urlTemplate\":\"https:\\\/\\\/baan-baan.com\\\/pro\\\/fr\\\/?s={search_term_string}\"},\"query-input\":{\"@type\":\"PropertyValueSpecification\",\"valueRequired\":true,\"valueName\":\"search_term_string\"}}],\"inLanguage\":\"fr-FR\"},{\"@type\":\"Organization\",\"@id\":\"https:\\\/\\\/baan-baan.com\\\/pro\\\/fr\\\/#organization\",\"name\":\"Baan Pro\",\"url\":\"https:\\\/\\\/baan-baan.com\\\/pro\\\/fr\\\/\",\"logo\":{\"@type\":\"ImageObject\",\"inLanguage\":\"fr-FR\",\"@id\":\"https:\\\/\\\/baan-baan.com\\\/pro\\\/fr\\\/#\\\/schema\\\/logo\\\/image\\\/\",\"url\":\"https:\\\/\\\/baan-baan.com\\\/pro\\\/wp-content\\\/uploads\\\/sites\\\/6\\\/2019\\\/12\\\/LOGO-BAAN.jpeg\",\"contentUrl\":\"https:\\\/\\\/baan-baan.com\\\/pro\\\/wp-content\\\/uploads\\\/sites\\\/6\\\/2019\\\/12\\\/LOGO-BAAN.jpeg\",\"width\":2560,\"height\":1554,\"caption\":\"Baan Pro\"},\"image\":{\"@id\":\"https:\\\/\\\/baan-baan.com\\\/pro\\\/fr\\\/#\\\/schema\\\/logo\\\/image\\\/\"},\"sameAs\":[\"https:\\\/\\\/www.facebook.com\\\/share\\\/1BjwM2bT8W\\\/?mibextid=wwXIfr\",\"https:\\\/\\\/www.instagram.com\\\/baan.ethnic.minimalism?igsh=czMxeWllOGM4MGdp\"]}]}<\/script>\n<!-- \/ Yoast SEO plugin. -->","yoast_head_json":{"title":"Boucles d\u2019oreilles \u00c9ventail - Baan Pro","robots":{"index":"noindex","follow":"follow","max-snippet":"max-snippet:-1","max-image-preview":"max-image-preview:large","max-video-preview":"max-video-preview:-1"},"og_locale":"fr_FR","og_type":"article","og_title":"Boucles d\u2019oreilles \u00c9ventail - Baan Pro","og_description":"Boucles d&rsquo;oreilles en argent r\u00e9alis\u00e9es par les Karen. Les Karen sont un groupe ethnique tib\u00e9to-birman de 4 \u00e0 5 millions de personnes, dont 10 % environ vivent en Tha\u00eflande et 90 % en Birmanie. Mati\u00e8re : Argent Couleur : Argent Taille : Petites : 3cm Moyennes : 4cm Prix public conseill\u00e9 TTC : Petites : [&hellip;]","og_url":"https:\/\/baan-baan.com\/pro\/fr\/produit\/boucles-doreilles-eventail\/","og_site_name":"Baan Pro","article_publisher":"https:\/\/www.facebook.com\/share\/1BjwM2bT8W\/?mibextid=wwXIfr","article_modified_time":"2024-11-26T14:23:02+00:00","og_image":[{"width":589,"height":704,"url":"https:\/\/baan-baan.com\/pro\/wp-content\/uploads\/sites\/6\/2021\/03\/BO-Eventail.png","type":"image\/png"}],"twitter_card":"summary_large_image","schema":{"@context":"https:\/\/schema.org","@graph":[{"@type":"WebPage","@id":"https:\/\/baan-baan.com\/pro\/fr\/produit\/boucles-doreilles-eventail\/","url":"https:\/\/baan-baan.com\/pro\/fr\/produit\/boucles-doreilles-eventail\/","name":"Boucles d\u2019oreilles \u00c9ventail - Baan Pro","isPartOf":{"@id":"https:\/\/baan-baan.com\/pro\/fr\/#website"},"primaryImageOfPage":{"@id":"https:\/\/baan-baan.com\/pro\/fr\/produit\/boucles-doreilles-eventail\/#primaryimage"},"image":{"@id":"https:\/\/baan-baan.com\/pro\/fr\/produit\/boucles-doreilles-eventail\/#primaryimage"},"thumbnailUrl":"https:\/\/baan-baan.com\/pro\/wp-content\/uploads\/sites\/6\/2021\/03\/BO-Eventail.png","datePublished":"2021-03-16T16:06:49+00:00","dateModified":"2024-11-26T14:23:02+00:00","breadcrumb":{"@id":"https:\/\/baan-baan.com\/pro\/fr\/produit\/boucles-doreilles-eventail\/#breadcrumb"},"inLanguage":"fr-FR","potentialAction":[{"@type":"ReadAction","target":["https:\/\/baan-baan.com\/pro\/fr\/produit\/boucles-doreilles-eventail\/"]}]},{"@type":"ImageObject","inLanguage":"fr-FR","@id":"https:\/\/baan-baan.com\/pro\/fr\/produit\/boucles-doreilles-eventail\/#primaryimage","url":"https:\/\/baan-baan.com\/pro\/wp-content\/uploads\/sites\/6\/2021\/03\/BO-Eventail.png","contentUrl":"https:\/\/baan-baan.com\/pro\/wp-content\/uploads\/sites\/6\/2021\/03\/BO-Eventail.png","width":589,"height":704},{"@type":"BreadcrumbList","@id":"https:\/\/baan-baan.com\/pro\/fr\/produit\/boucles-doreilles-eventail\/#breadcrumb","itemListElement":[{"@type":"ListItem","position":1,"name":"Home","item":"https:\/\/baan-baan.com\/pro\/fr\/"},{"@type":"ListItem","position":2,"name":"Boutique","item":"https:\/\/baan-baan.com\/pro\/fr\/boutique\/"},{"@type":"ListItem","position":3,"name":"Boucles d\u2019oreilles \u00c9ventail"}]},{"@type":"WebSite","@id":"https:\/\/baan-baan.com\/pro\/fr\/#website","url":"https:\/\/baan-baan.com\/pro\/fr\/","name":"Baan Pro","description":"","publisher":{"@id":"https:\/\/baan-baan.com\/pro\/fr\/#organization"},"potentialAction":[{"@type":"SearchAction","target":{"@type":"EntryPoint","urlTemplate":"https:\/\/baan-baan.com\/pro\/fr\/?s={search_term_string}"},"query-input":{"@type":"PropertyValueSpecification","valueRequired":true,"valueName":"search_term_string"}}],"inLanguage":"fr-FR"},{"@type":"Organization","@id":"https:\/\/baan-baan.com\/pro\/fr\/#organization","name":"Baan Pro","url":"https:\/\/baan-baan.com\/pro\/fr\/","logo":{"@type":"ImageObject","inLanguage":"fr-FR","@id":"https:\/\/baan-baan.com\/pro\/fr\/#\/schema\/logo\/image\/","url":"https:\/\/baan-baan.com\/pro\/wp-content\/uploads\/sites\/6\/2019\/12\/LOGO-BAAN.jpeg","contentUrl":"https:\/\/baan-baan.com\/pro\/wp-content\/uploads\/sites\/6\/2019\/12\/LOGO-BAAN.jpeg","width":2560,"height":1554,"caption":"Baan Pro"},"image":{"@id":"https:\/\/baan-baan.com\/pro\/fr\/#\/schema\/logo\/image\/"},"sameAs":["https:\/\/www.facebook.com\/share\/1BjwM2bT8W\/?mibextid=wwXIfr","https:\/\/www.instagram.com\/baan.ethnic.minimalism?igsh=czMxeWllOGM4MGdp"]}]}},"_links":{"self":[{"href":"https:\/\/baan-baan.com\/pro\/fr\/wp-json\/wp\/v2\/product\/13909","targetHints":{"allow":["GET"]}}],"collection":[{"href":"https:\/\/baan-baan.com\/pro\/fr\/wp-json\/wp\/v2\/product"}],"about":[{"href":"https:\/\/baan-baan.com\/pro\/fr\/wp-json\/wp\/v2\/types\/product"}],"wp:featuredmedia":[{"embeddable":true,"href":"https:\/\/baan-baan.com\/pro\/fr\/wp-json\/wp\/v2\/media\/13912"}],"wp:attachment":[{"href":"https:\/\/baan-baan.com\/pro\/fr\/wp-json\/wp\/v2\/media?parent=13909"}],"wp:term":[{"taxonomy":"product_brand","embeddable":true,"href":"https:\/\/baan-baan.com\/pro\/fr\/wp-json\/wp\/v2\/product_brand?post=13909"},{"taxonomy":"product_cat","embeddable":true,"href":"https:\/\/baan-baan.com\/pro\/fr\/wp-json\/wp\/v2\/product_cat?post=13909"},{"taxonomy":"product_tag","embeddable":true,"href":"https:\/\/baan-baan.com\/pro\/fr\/wp-json\/wp\/v2\/product_tag?post=13909"}],"curies":[{"name":"wp","href":"https:\/\/api.w.org\/{rel}","templated":true}]}}