{"id":18449,"date":"2023-11-13T07:59:23","date_gmt":"2023-11-13T06:59:23","guid":{"rendered":"https:\/\/baan-baan.com\/pro\/?post_type=product&#038;p=18449"},"modified":"2023-11-13T08:05:27","modified_gmt":"2023-11-13T07:05:27","slug":"sandales-indigo","status":"publish","type":"product","link":"https:\/\/baan-baan.com\/pro\/fr\/produit\/sandales-indigo\/","title":{"rendered":"Sandales indigo"},"content":{"rendered":"<p>Ces sandales en papyrus et coton indigo peuvent s&rsquo;utiliser en int\u00e9rieur comme en ext\u00e9rieur.<\/p>\n<p><b>Mati\u00e8re : <\/b>Papyrus\u00a0\/ coton<\/p>\n<p><strong>Couleur<\/strong> : Naturel \/ Indigo<\/p>\n<p><strong>Tailles<\/strong> :<br \/>\nM : 37\/38<br \/>\nL : 38\/39<\/p>\n<p><strong><span lang=\"EN-GB\">Prix public conseill\u00e9 TTC<\/span>\u00a0: <\/strong>30 \u20ac <strong><br \/>\n<\/strong><\/p>\n","protected":false},"excerpt":{"rendered":"<p>Ces sandales en papyrus et coton indigo peuvent s&rsquo;utiliser en int\u00e9rieur comme en ext\u00e9rieur. Mati\u00e8re : Papyrus\u00a0\/ coton Couleur : Naturel \/ Indigo Tailles : M : 37\/38 L : 38\/39 Prix public conseill\u00e9 TTC\u00a0: 30 \u20ac<\/p>\n","protected":false},"featured_media":18455,"template":"","meta":{"_et_pb_use_builder":"","_et_pb_old_content":"","_et_gb_content_width":""},"product_brand":[],"product_cat":[83,113],"product_tag":[],"class_list":{"0":"post-18449","1":"product","2":"type-product","3":"status-publish","4":"has-post-thumbnail","6":"product_cat-nouveautes-2","7":"product_cat-bain-spa-2","9":"first","10":"instock","11":"taxable","12":"shipping-taxable","13":"purchasable","14":"product-type-variable"},"yoast_head":"<!-- This site is optimized with the Yoast SEO plugin v27.3 - https:\/\/yoast.com\/product\/yoast-seo-wordpress\/ -->\n<title>Baan - Sandales indigo<\/title>\n<meta name=\"description\" content=\"Ces sandales en papyrus et coton indigo peuvent s&#039;utiliser en int\u00e9rieur comme en ext\u00e9rieur.\" \/>\n<meta name=\"robots\" content=\"noindex, follow, max-snippet:-1, max-image-preview:large, max-video-preview:-1\" \/>\n<meta property=\"og:locale\" content=\"fr_FR\" \/>\n<meta property=\"og:type\" content=\"article\" \/>\n<meta property=\"og:title\" content=\"Baan - Sandales indigo\" \/>\n<meta property=\"og:description\" content=\"Ces sandales en papyrus et coton indigo peuvent s&#039;utiliser en int\u00e9rieur comme en ext\u00e9rieur.\" \/>\n<meta property=\"og:url\" content=\"https:\/\/baan-baan.com\/pro\/fr\/produit\/sandales-indigo\/\" \/>\n<meta property=\"og:site_name\" content=\"Baan Pro\" \/>\n<meta property=\"article:publisher\" content=\"https:\/\/www.facebook.com\/share\/1BjwM2bT8W\/?mibextid=wwXIfr\" \/>\n<meta property=\"article:modified_time\" content=\"2023-11-13T07:05:27+00:00\" \/>\n<meta property=\"og:image\" content=\"https:\/\/baan-baan.com\/pro\/wp-content\/uploads\/sites\/6\/2023\/11\/Sandales-indigo.jpg\" \/>\n\t<meta property=\"og:image:width\" content=\"1512\" \/>\n\t<meta property=\"og:image:height\" content=\"1512\" \/>\n\t<meta property=\"og:image:type\" content=\"image\/jpeg\" \/>\n<meta name=\"twitter:card\" content=\"summary_large_image\" \/>\n<meta name=\"twitter:label1\" content=\"Dur\u00e9e de lecture estim\u00e9e\" \/>\n\t<meta name=\"twitter:data1\" content=\"1 minute\" \/>\n<script type=\"application\/ld+json\" class=\"yoast-schema-graph\">{\"@context\":\"https:\\\/\\\/schema.org\",\"@graph\":[{\"@type\":\"WebPage\",\"@id\":\"https:\\\/\\\/baan-baan.com\\\/pro\\\/fr\\\/produit\\\/sandales-indigo\\\/\",\"url\":\"https:\\\/\\\/baan-baan.com\\\/pro\\\/fr\\\/produit\\\/sandales-indigo\\\/\",\"name\":\"Baan - Sandales indigo\",\"isPartOf\":{\"@id\":\"https:\\\/\\\/baan-baan.com\\\/pro\\\/fr\\\/#website\"},\"primaryImageOfPage\":{\"@id\":\"https:\\\/\\\/baan-baan.com\\\/pro\\\/fr\\\/produit\\\/sandales-indigo\\\/#primaryimage\"},\"image\":{\"@id\":\"https:\\\/\\\/baan-baan.com\\\/pro\\\/fr\\\/produit\\\/sandales-indigo\\\/#primaryimage\"},\"thumbnailUrl\":\"https:\\\/\\\/baan-baan.com\\\/pro\\\/wp-content\\\/uploads\\\/sites\\\/6\\\/2023\\\/11\\\/Sandales-indigo.jpg\",\"datePublished\":\"2023-11-13T06:59:23+00:00\",\"dateModified\":\"2023-11-13T07:05:27+00:00\",\"description\":\"Ces sandales en papyrus et coton indigo peuvent s'utiliser en int\u00e9rieur comme en ext\u00e9rieur.\",\"breadcrumb\":{\"@id\":\"https:\\\/\\\/baan-baan.com\\\/pro\\\/fr\\\/produit\\\/sandales-indigo\\\/#breadcrumb\"},\"inLanguage\":\"fr-FR\",\"potentialAction\":[{\"@type\":\"ReadAction\",\"target\":[\"https:\\\/\\\/baan-baan.com\\\/pro\\\/fr\\\/produit\\\/sandales-indigo\\\/\"]}]},{\"@type\":\"ImageObject\",\"inLanguage\":\"fr-FR\",\"@id\":\"https:\\\/\\\/baan-baan.com\\\/pro\\\/fr\\\/produit\\\/sandales-indigo\\\/#primaryimage\",\"url\":\"https:\\\/\\\/baan-baan.com\\\/pro\\\/wp-content\\\/uploads\\\/sites\\\/6\\\/2023\\\/11\\\/Sandales-indigo.jpg\",\"contentUrl\":\"https:\\\/\\\/baan-baan.com\\\/pro\\\/wp-content\\\/uploads\\\/sites\\\/6\\\/2023\\\/11\\\/Sandales-indigo.jpg\",\"width\":1512,\"height\":1512},{\"@type\":\"BreadcrumbList\",\"@id\":\"https:\\\/\\\/baan-baan.com\\\/pro\\\/fr\\\/produit\\\/sandales-indigo\\\/#breadcrumb\",\"itemListElement\":[{\"@type\":\"ListItem\",\"position\":1,\"name\":\"Home\",\"item\":\"https:\\\/\\\/baan-baan.com\\\/pro\\\/fr\\\/\"},{\"@type\":\"ListItem\",\"position\":2,\"name\":\"Boutique\",\"item\":\"https:\\\/\\\/baan-baan.com\\\/pro\\\/fr\\\/boutique\\\/\"},{\"@type\":\"ListItem\",\"position\":3,\"name\":\"Sandales indigo\"}]},{\"@type\":\"WebSite\",\"@id\":\"https:\\\/\\\/baan-baan.com\\\/pro\\\/fr\\\/#website\",\"url\":\"https:\\\/\\\/baan-baan.com\\\/pro\\\/fr\\\/\",\"name\":\"Baan Pro\",\"description\":\"\",\"publisher\":{\"@id\":\"https:\\\/\\\/baan-baan.com\\\/pro\\\/fr\\\/#organization\"},\"potentialAction\":[{\"@type\":\"SearchAction\",\"target\":{\"@type\":\"EntryPoint\",\"urlTemplate\":\"https:\\\/\\\/baan-baan.com\\\/pro\\\/fr\\\/?s={search_term_string}\"},\"query-input\":{\"@type\":\"PropertyValueSpecification\",\"valueRequired\":true,\"valueName\":\"search_term_string\"}}],\"inLanguage\":\"fr-FR\"},{\"@type\":\"Organization\",\"@id\":\"https:\\\/\\\/baan-baan.com\\\/pro\\\/fr\\\/#organization\",\"name\":\"Baan Pro\",\"url\":\"https:\\\/\\\/baan-baan.com\\\/pro\\\/fr\\\/\",\"logo\":{\"@type\":\"ImageObject\",\"inLanguage\":\"fr-FR\",\"@id\":\"https:\\\/\\\/baan-baan.com\\\/pro\\\/fr\\\/#\\\/schema\\\/logo\\\/image\\\/\",\"url\":\"https:\\\/\\\/baan-baan.com\\\/pro\\\/wp-content\\\/uploads\\\/sites\\\/6\\\/2019\\\/12\\\/LOGO-BAAN.jpeg\",\"contentUrl\":\"https:\\\/\\\/baan-baan.com\\\/pro\\\/wp-content\\\/uploads\\\/sites\\\/6\\\/2019\\\/12\\\/LOGO-BAAN.jpeg\",\"width\":2560,\"height\":1554,\"caption\":\"Baan Pro\"},\"image\":{\"@id\":\"https:\\\/\\\/baan-baan.com\\\/pro\\\/fr\\\/#\\\/schema\\\/logo\\\/image\\\/\"},\"sameAs\":[\"https:\\\/\\\/www.facebook.com\\\/share\\\/1BjwM2bT8W\\\/?mibextid=wwXIfr\",\"https:\\\/\\\/www.instagram.com\\\/baan.ethnic.minimalism?igsh=czMxeWllOGM4MGdp\"]}]}<\/script>\n<!-- \/ Yoast SEO plugin. -->","yoast_head_json":{"title":"Baan - Sandales indigo","description":"Ces sandales en papyrus et coton indigo peuvent s'utiliser en int\u00e9rieur comme en ext\u00e9rieur.","robots":{"index":"noindex","follow":"follow","max-snippet":"max-snippet:-1","max-image-preview":"max-image-preview:large","max-video-preview":"max-video-preview:-1"},"og_locale":"fr_FR","og_type":"article","og_title":"Baan - Sandales indigo","og_description":"Ces sandales en papyrus et coton indigo peuvent s'utiliser en int\u00e9rieur comme en ext\u00e9rieur.","og_url":"https:\/\/baan-baan.com\/pro\/fr\/produit\/sandales-indigo\/","og_site_name":"Baan Pro","article_publisher":"https:\/\/www.facebook.com\/share\/1BjwM2bT8W\/?mibextid=wwXIfr","article_modified_time":"2023-11-13T07:05:27+00:00","og_image":[{"width":1512,"height":1512,"url":"https:\/\/baan-baan.com\/pro\/wp-content\/uploads\/sites\/6\/2023\/11\/Sandales-indigo.jpg","type":"image\/jpeg"}],"twitter_card":"summary_large_image","twitter_misc":{"Dur\u00e9e de lecture estim\u00e9e":"1 minute"},"schema":{"@context":"https:\/\/schema.org","@graph":[{"@type":"WebPage","@id":"https:\/\/baan-baan.com\/pro\/fr\/produit\/sandales-indigo\/","url":"https:\/\/baan-baan.com\/pro\/fr\/produit\/sandales-indigo\/","name":"Baan - Sandales indigo","isPartOf":{"@id":"https:\/\/baan-baan.com\/pro\/fr\/#website"},"primaryImageOfPage":{"@id":"https:\/\/baan-baan.com\/pro\/fr\/produit\/sandales-indigo\/#primaryimage"},"image":{"@id":"https:\/\/baan-baan.com\/pro\/fr\/produit\/sandales-indigo\/#primaryimage"},"thumbnailUrl":"https:\/\/baan-baan.com\/pro\/wp-content\/uploads\/sites\/6\/2023\/11\/Sandales-indigo.jpg","datePublished":"2023-11-13T06:59:23+00:00","dateModified":"2023-11-13T07:05:27+00:00","description":"Ces sandales en papyrus et coton indigo peuvent s'utiliser en int\u00e9rieur comme en ext\u00e9rieur.","breadcrumb":{"@id":"https:\/\/baan-baan.com\/pro\/fr\/produit\/sandales-indigo\/#breadcrumb"},"inLanguage":"fr-FR","potentialAction":[{"@type":"ReadAction","target":["https:\/\/baan-baan.com\/pro\/fr\/produit\/sandales-indigo\/"]}]},{"@type":"ImageObject","inLanguage":"fr-FR","@id":"https:\/\/baan-baan.com\/pro\/fr\/produit\/sandales-indigo\/#primaryimage","url":"https:\/\/baan-baan.com\/pro\/wp-content\/uploads\/sites\/6\/2023\/11\/Sandales-indigo.jpg","contentUrl":"https:\/\/baan-baan.com\/pro\/wp-content\/uploads\/sites\/6\/2023\/11\/Sandales-indigo.jpg","width":1512,"height":1512},{"@type":"BreadcrumbList","@id":"https:\/\/baan-baan.com\/pro\/fr\/produit\/sandales-indigo\/#breadcrumb","itemListElement":[{"@type":"ListItem","position":1,"name":"Home","item":"https:\/\/baan-baan.com\/pro\/fr\/"},{"@type":"ListItem","position":2,"name":"Boutique","item":"https:\/\/baan-baan.com\/pro\/fr\/boutique\/"},{"@type":"ListItem","position":3,"name":"Sandales indigo"}]},{"@type":"WebSite","@id":"https:\/\/baan-baan.com\/pro\/fr\/#website","url":"https:\/\/baan-baan.com\/pro\/fr\/","name":"Baan Pro","description":"","publisher":{"@id":"https:\/\/baan-baan.com\/pro\/fr\/#organization"},"potentialAction":[{"@type":"SearchAction","target":{"@type":"EntryPoint","urlTemplate":"https:\/\/baan-baan.com\/pro\/fr\/?s={search_term_string}"},"query-input":{"@type":"PropertyValueSpecification","valueRequired":true,"valueName":"search_term_string"}}],"inLanguage":"fr-FR"},{"@type":"Organization","@id":"https:\/\/baan-baan.com\/pro\/fr\/#organization","name":"Baan Pro","url":"https:\/\/baan-baan.com\/pro\/fr\/","logo":{"@type":"ImageObject","inLanguage":"fr-FR","@id":"https:\/\/baan-baan.com\/pro\/fr\/#\/schema\/logo\/image\/","url":"https:\/\/baan-baan.com\/pro\/wp-content\/uploads\/sites\/6\/2019\/12\/LOGO-BAAN.jpeg","contentUrl":"https:\/\/baan-baan.com\/pro\/wp-content\/uploads\/sites\/6\/2019\/12\/LOGO-BAAN.jpeg","width":2560,"height":1554,"caption":"Baan Pro"},"image":{"@id":"https:\/\/baan-baan.com\/pro\/fr\/#\/schema\/logo\/image\/"},"sameAs":["https:\/\/www.facebook.com\/share\/1BjwM2bT8W\/?mibextid=wwXIfr","https:\/\/www.instagram.com\/baan.ethnic.minimalism?igsh=czMxeWllOGM4MGdp"]}]}},"_links":{"self":[{"href":"https:\/\/baan-baan.com\/pro\/fr\/wp-json\/wp\/v2\/product\/18449","targetHints":{"allow":["GET"]}}],"collection":[{"href":"https:\/\/baan-baan.com\/pro\/fr\/wp-json\/wp\/v2\/product"}],"about":[{"href":"https:\/\/baan-baan.com\/pro\/fr\/wp-json\/wp\/v2\/types\/product"}],"wp:featuredmedia":[{"embeddable":true,"href":"https:\/\/baan-baan.com\/pro\/fr\/wp-json\/wp\/v2\/media\/18455"}],"wp:attachment":[{"href":"https:\/\/baan-baan.com\/pro\/fr\/wp-json\/wp\/v2\/media?parent=18449"}],"wp:term":[{"taxonomy":"product_brand","embeddable":true,"href":"https:\/\/baan-baan.com\/pro\/fr\/wp-json\/wp\/v2\/product_brand?post=18449"},{"taxonomy":"product_cat","embeddable":true,"href":"https:\/\/baan-baan.com\/pro\/fr\/wp-json\/wp\/v2\/product_cat?post=18449"},{"taxonomy":"product_tag","embeddable":true,"href":"https:\/\/baan-baan.com\/pro\/fr\/wp-json\/wp\/v2\/product_tag?post=18449"}],"curies":[{"name":"wp","href":"https:\/\/api.w.org\/{rel}","templated":true}]}}