{"id":19657,"date":"2024-05-09T11:21:52","date_gmt":"2024-05-09T10:21:52","guid":{"rendered":"https:\/\/baan-baan.com\/pro\/?post_type=product&#038;p=19657"},"modified":"2025-09-20T15:53:12","modified_gmt":"2025-09-20T14:53:12","slug":"linge-de-bain-en-coton-bio-indigo-naturel","status":"publish","type":"product","link":"https:\/\/baan-baan.com\/pro\/fr\/produit\/linge-de-bain-en-coton-bio-indigo-naturel\/","title":{"rendered":"LINGE DE BAIN EN EPONGE BIO &#038; INDIGO NATUREL"},"content":{"rendered":"<p>Ce linge de bain est r\u00e9alis\u00e9 \u00e0 partir de coton \u00e9ponge biologique teint \u00e0 la main.<\/p>\n<p>Il est constitu\u00e9 d&rsquo;un essuie-main, d&rsquo;une serviette de bain et d&rsquo;un drap de plage oversize.<\/p>\n<p>&nbsp;<\/p>\n<p><b>Mati\u00e8re : <\/b>100% coton<\/p>\n<p><strong>Couleur<\/strong> : Indigo naturel en 3 variations de teinture au choix : light \/ medium \/ dark<\/p>\n<p><strong>Dimensions<\/strong><strong> :<\/strong><\/p>\n<p>Drap de bain &#8211; 80 x 150cm<\/p>\n<p>Essuie main &#8211; 40 x 75cm<\/p>\n<p>Drap de plage &#8211; 105 x 200cm<\/p>\n<p><strong>Disponibles sur commande avec un d\u00e9lai de 3 semaines.<\/strong><\/p>\n<p>&nbsp;<\/p>\n<p>&nbsp;<\/p>\n","protected":false},"excerpt":{"rendered":"<p>Ce linge de bain est r\u00e9alis\u00e9 \u00e0 partir de coton \u00e9ponge biologique teint \u00e0 la main. Il est constitu\u00e9 d&rsquo;un essuie-main, d&rsquo;une serviette de bain et d&rsquo;un drap de plage oversize. &nbsp; Mati\u00e8re : 100% coton Couleur : Indigo naturel en 3 variations de teinture au choix : light \/ medium \/ dark Dimensions : [&hellip;]<\/p>\n","protected":false},"featured_media":19669,"template":"","meta":{"_et_pb_use_builder":"","_et_pb_old_content":"","_et_gb_content_width":""},"product_brand":[],"product_cat":[113],"product_tag":[],"class_list":{"0":"post-19657","1":"product","2":"type-product","3":"status-publish","4":"has-post-thumbnail","6":"product_cat-bain-spa-2","8":"first","9":"instock","10":"taxable","11":"shipping-taxable","12":"purchasable","13":"product-type-variable","14":"wcspt-has-gallery"},"yoast_head":"<!-- This site is optimized with the Yoast SEO plugin v27.4 - https:\/\/yoast.com\/product\/yoast-seo-wordpress\/ -->\n<title>LINGE DE BAIN EN EPONGE BIO &amp; INDIGO NATUREL - Baan Pro<\/title>\n<meta name=\"robots\" content=\"noindex, follow, max-snippet:-1, max-image-preview:large, max-video-preview:-1\" \/>\n<meta property=\"og:locale\" content=\"fr_FR\" \/>\n<meta property=\"og:type\" content=\"article\" \/>\n<meta property=\"og:title\" content=\"LINGE DE BAIN EN EPONGE BIO &amp; INDIGO NATUREL - Baan Pro\" \/>\n<meta property=\"og:description\" content=\"Ce linge de bain est r\u00e9alis\u00e9 \u00e0 partir de coton \u00e9ponge biologique teint \u00e0 la main. Il est constitu\u00e9 d&rsquo;un essuie-main, d&rsquo;une serviette de bain et d&rsquo;un drap de plage oversize. &nbsp; Mati\u00e8re : 100% coton Couleur : Indigo naturel en 3 variations de teinture au choix : light \/ medium \/ dark Dimensions : [&hellip;]\" \/>\n<meta property=\"og:url\" content=\"https:\/\/baan-baan.com\/pro\/fr\/produit\/linge-de-bain-en-coton-bio-indigo-naturel\/\" \/>\n<meta property=\"og:site_name\" content=\"Baan Pro\" \/>\n<meta property=\"article:publisher\" content=\"https:\/\/www.facebook.com\/share\/1BjwM2bT8W\/?mibextid=wwXIfr\" \/>\n<meta property=\"article:modified_time\" content=\"2025-09-20T14:53:12+00:00\" \/>\n<meta property=\"og:image\" content=\"https:\/\/baan-baan.com\/pro\/wp-content\/uploads\/sites\/6\/2024\/05\/Baan-lingo-de-bain-bio-indigo.jpg\" \/>\n\t<meta property=\"og:image:width\" content=\"1512\" \/>\n\t<meta property=\"og:image:height\" content=\"1512\" \/>\n\t<meta property=\"og:image:type\" content=\"image\/jpeg\" \/>\n<meta name=\"twitter:card\" content=\"summary_large_image\" \/>\n<meta name=\"twitter:label1\" content=\"Dur\u00e9e de lecture estim\u00e9e\" \/>\n\t<meta name=\"twitter:data1\" content=\"1 minute\" \/>\n<script type=\"application\/ld+json\" class=\"yoast-schema-graph\">{\"@context\":\"https:\\\/\\\/schema.org\",\"@graph\":[{\"@type\":\"WebPage\",\"@id\":\"https:\\\/\\\/baan-baan.com\\\/pro\\\/fr\\\/produit\\\/linge-de-bain-en-coton-bio-indigo-naturel\\\/\",\"url\":\"https:\\\/\\\/baan-baan.com\\\/pro\\\/fr\\\/produit\\\/linge-de-bain-en-coton-bio-indigo-naturel\\\/\",\"name\":\"LINGE DE BAIN EN EPONGE BIO & INDIGO NATUREL - Baan Pro\",\"isPartOf\":{\"@id\":\"https:\\\/\\\/baan-baan.com\\\/pro\\\/fr\\\/#website\"},\"primaryImageOfPage\":{\"@id\":\"https:\\\/\\\/baan-baan.com\\\/pro\\\/fr\\\/produit\\\/linge-de-bain-en-coton-bio-indigo-naturel\\\/#primaryimage\"},\"image\":{\"@id\":\"https:\\\/\\\/baan-baan.com\\\/pro\\\/fr\\\/produit\\\/linge-de-bain-en-coton-bio-indigo-naturel\\\/#primaryimage\"},\"thumbnailUrl\":\"https:\\\/\\\/baan-baan.com\\\/pro\\\/wp-content\\\/uploads\\\/sites\\\/6\\\/2024\\\/05\\\/Baan-lingo-de-bain-bio-indigo.jpg\",\"datePublished\":\"2024-05-09T10:21:52+00:00\",\"dateModified\":\"2025-09-20T14:53:12+00:00\",\"breadcrumb\":{\"@id\":\"https:\\\/\\\/baan-baan.com\\\/pro\\\/fr\\\/produit\\\/linge-de-bain-en-coton-bio-indigo-naturel\\\/#breadcrumb\"},\"inLanguage\":\"fr-FR\",\"potentialAction\":[{\"@type\":\"ReadAction\",\"target\":[\"https:\\\/\\\/baan-baan.com\\\/pro\\\/fr\\\/produit\\\/linge-de-bain-en-coton-bio-indigo-naturel\\\/\"]}]},{\"@type\":\"ImageObject\",\"inLanguage\":\"fr-FR\",\"@id\":\"https:\\\/\\\/baan-baan.com\\\/pro\\\/fr\\\/produit\\\/linge-de-bain-en-coton-bio-indigo-naturel\\\/#primaryimage\",\"url\":\"https:\\\/\\\/baan-baan.com\\\/pro\\\/wp-content\\\/uploads\\\/sites\\\/6\\\/2024\\\/05\\\/Baan-lingo-de-bain-bio-indigo.jpg\",\"contentUrl\":\"https:\\\/\\\/baan-baan.com\\\/pro\\\/wp-content\\\/uploads\\\/sites\\\/6\\\/2024\\\/05\\\/Baan-lingo-de-bain-bio-indigo.jpg\",\"width\":1512,\"height\":1512},{\"@type\":\"BreadcrumbList\",\"@id\":\"https:\\\/\\\/baan-baan.com\\\/pro\\\/fr\\\/produit\\\/linge-de-bain-en-coton-bio-indigo-naturel\\\/#breadcrumb\",\"itemListElement\":[{\"@type\":\"ListItem\",\"position\":1,\"name\":\"Home\",\"item\":\"https:\\\/\\\/baan-baan.com\\\/pro\\\/fr\\\/\"},{\"@type\":\"ListItem\",\"position\":2,\"name\":\"Boutique\",\"item\":\"https:\\\/\\\/baan-baan.com\\\/pro\\\/fr\\\/boutique\\\/\"},{\"@type\":\"ListItem\",\"position\":3,\"name\":\"LINGE DE BAIN EN EPONGE BIO &#038; INDIGO NATUREL\"}]},{\"@type\":\"WebSite\",\"@id\":\"https:\\\/\\\/baan-baan.com\\\/pro\\\/fr\\\/#website\",\"url\":\"https:\\\/\\\/baan-baan.com\\\/pro\\\/fr\\\/\",\"name\":\"Baan Pro\",\"description\":\"\",\"publisher\":{\"@id\":\"https:\\\/\\\/baan-baan.com\\\/pro\\\/fr\\\/#organization\"},\"potentialAction\":[{\"@type\":\"SearchAction\",\"target\":{\"@type\":\"EntryPoint\",\"urlTemplate\":\"https:\\\/\\\/baan-baan.com\\\/pro\\\/fr\\\/?s={search_term_string}\"},\"query-input\":{\"@type\":\"PropertyValueSpecification\",\"valueRequired\":true,\"valueName\":\"search_term_string\"}}],\"inLanguage\":\"fr-FR\"},{\"@type\":\"Organization\",\"@id\":\"https:\\\/\\\/baan-baan.com\\\/pro\\\/fr\\\/#organization\",\"name\":\"Baan Pro\",\"url\":\"https:\\\/\\\/baan-baan.com\\\/pro\\\/fr\\\/\",\"logo\":{\"@type\":\"ImageObject\",\"inLanguage\":\"fr-FR\",\"@id\":\"https:\\\/\\\/baan-baan.com\\\/pro\\\/fr\\\/#\\\/schema\\\/logo\\\/image\\\/\",\"url\":\"https:\\\/\\\/baan-baan.com\\\/pro\\\/wp-content\\\/uploads\\\/sites\\\/6\\\/2019\\\/12\\\/LOGO-BAAN.jpeg\",\"contentUrl\":\"https:\\\/\\\/baan-baan.com\\\/pro\\\/wp-content\\\/uploads\\\/sites\\\/6\\\/2019\\\/12\\\/LOGO-BAAN.jpeg\",\"width\":2560,\"height\":1554,\"caption\":\"Baan Pro\"},\"image\":{\"@id\":\"https:\\\/\\\/baan-baan.com\\\/pro\\\/fr\\\/#\\\/schema\\\/logo\\\/image\\\/\"},\"sameAs\":[\"https:\\\/\\\/www.facebook.com\\\/share\\\/1BjwM2bT8W\\\/?mibextid=wwXIfr\",\"https:\\\/\\\/www.instagram.com\\\/baan.ethnic.minimalism?igsh=czMxeWllOGM4MGdp\"]}]}<\/script>\n<!-- \/ Yoast SEO plugin. -->","yoast_head_json":{"title":"LINGE DE BAIN EN EPONGE BIO & INDIGO NATUREL - Baan Pro","robots":{"index":"noindex","follow":"follow","max-snippet":"max-snippet:-1","max-image-preview":"max-image-preview:large","max-video-preview":"max-video-preview:-1"},"og_locale":"fr_FR","og_type":"article","og_title":"LINGE DE BAIN EN EPONGE BIO & INDIGO NATUREL - Baan Pro","og_description":"Ce linge de bain est r\u00e9alis\u00e9 \u00e0 partir de coton \u00e9ponge biologique teint \u00e0 la main. Il est constitu\u00e9 d&rsquo;un essuie-main, d&rsquo;une serviette de bain et d&rsquo;un drap de plage oversize. &nbsp; Mati\u00e8re : 100% coton Couleur : Indigo naturel en 3 variations de teinture au choix : light \/ medium \/ dark Dimensions : [&hellip;]","og_url":"https:\/\/baan-baan.com\/pro\/fr\/produit\/linge-de-bain-en-coton-bio-indigo-naturel\/","og_site_name":"Baan Pro","article_publisher":"https:\/\/www.facebook.com\/share\/1BjwM2bT8W\/?mibextid=wwXIfr","article_modified_time":"2025-09-20T14:53:12+00:00","og_image":[{"width":1512,"height":1512,"url":"https:\/\/baan-baan.com\/pro\/wp-content\/uploads\/sites\/6\/2024\/05\/Baan-lingo-de-bain-bio-indigo.jpg","type":"image\/jpeg"}],"twitter_card":"summary_large_image","twitter_misc":{"Dur\u00e9e de lecture estim\u00e9e":"1 minute"},"schema":{"@context":"https:\/\/schema.org","@graph":[{"@type":"WebPage","@id":"https:\/\/baan-baan.com\/pro\/fr\/produit\/linge-de-bain-en-coton-bio-indigo-naturel\/","url":"https:\/\/baan-baan.com\/pro\/fr\/produit\/linge-de-bain-en-coton-bio-indigo-naturel\/","name":"LINGE DE BAIN EN EPONGE BIO & INDIGO NATUREL - Baan Pro","isPartOf":{"@id":"https:\/\/baan-baan.com\/pro\/fr\/#website"},"primaryImageOfPage":{"@id":"https:\/\/baan-baan.com\/pro\/fr\/produit\/linge-de-bain-en-coton-bio-indigo-naturel\/#primaryimage"},"image":{"@id":"https:\/\/baan-baan.com\/pro\/fr\/produit\/linge-de-bain-en-coton-bio-indigo-naturel\/#primaryimage"},"thumbnailUrl":"https:\/\/baan-baan.com\/pro\/wp-content\/uploads\/sites\/6\/2024\/05\/Baan-lingo-de-bain-bio-indigo.jpg","datePublished":"2024-05-09T10:21:52+00:00","dateModified":"2025-09-20T14:53:12+00:00","breadcrumb":{"@id":"https:\/\/baan-baan.com\/pro\/fr\/produit\/linge-de-bain-en-coton-bio-indigo-naturel\/#breadcrumb"},"inLanguage":"fr-FR","potentialAction":[{"@type":"ReadAction","target":["https:\/\/baan-baan.com\/pro\/fr\/produit\/linge-de-bain-en-coton-bio-indigo-naturel\/"]}]},{"@type":"ImageObject","inLanguage":"fr-FR","@id":"https:\/\/baan-baan.com\/pro\/fr\/produit\/linge-de-bain-en-coton-bio-indigo-naturel\/#primaryimage","url":"https:\/\/baan-baan.com\/pro\/wp-content\/uploads\/sites\/6\/2024\/05\/Baan-lingo-de-bain-bio-indigo.jpg","contentUrl":"https:\/\/baan-baan.com\/pro\/wp-content\/uploads\/sites\/6\/2024\/05\/Baan-lingo-de-bain-bio-indigo.jpg","width":1512,"height":1512},{"@type":"BreadcrumbList","@id":"https:\/\/baan-baan.com\/pro\/fr\/produit\/linge-de-bain-en-coton-bio-indigo-naturel\/#breadcrumb","itemListElement":[{"@type":"ListItem","position":1,"name":"Home","item":"https:\/\/baan-baan.com\/pro\/fr\/"},{"@type":"ListItem","position":2,"name":"Boutique","item":"https:\/\/baan-baan.com\/pro\/fr\/boutique\/"},{"@type":"ListItem","position":3,"name":"LINGE DE BAIN EN EPONGE BIO &#038; INDIGO NATUREL"}]},{"@type":"WebSite","@id":"https:\/\/baan-baan.com\/pro\/fr\/#website","url":"https:\/\/baan-baan.com\/pro\/fr\/","name":"Baan Pro","description":"","publisher":{"@id":"https:\/\/baan-baan.com\/pro\/fr\/#organization"},"potentialAction":[{"@type":"SearchAction","target":{"@type":"EntryPoint","urlTemplate":"https:\/\/baan-baan.com\/pro\/fr\/?s={search_term_string}"},"query-input":{"@type":"PropertyValueSpecification","valueRequired":true,"valueName":"search_term_string"}}],"inLanguage":"fr-FR"},{"@type":"Organization","@id":"https:\/\/baan-baan.com\/pro\/fr\/#organization","name":"Baan Pro","url":"https:\/\/baan-baan.com\/pro\/fr\/","logo":{"@type":"ImageObject","inLanguage":"fr-FR","@id":"https:\/\/baan-baan.com\/pro\/fr\/#\/schema\/logo\/image\/","url":"https:\/\/baan-baan.com\/pro\/wp-content\/uploads\/sites\/6\/2019\/12\/LOGO-BAAN.jpeg","contentUrl":"https:\/\/baan-baan.com\/pro\/wp-content\/uploads\/sites\/6\/2019\/12\/LOGO-BAAN.jpeg","width":2560,"height":1554,"caption":"Baan Pro"},"image":{"@id":"https:\/\/baan-baan.com\/pro\/fr\/#\/schema\/logo\/image\/"},"sameAs":["https:\/\/www.facebook.com\/share\/1BjwM2bT8W\/?mibextid=wwXIfr","https:\/\/www.instagram.com\/baan.ethnic.minimalism?igsh=czMxeWllOGM4MGdp"]}]}},"_links":{"self":[{"href":"https:\/\/baan-baan.com\/pro\/fr\/wp-json\/wp\/v2\/product\/19657","targetHints":{"allow":["GET"]}}],"collection":[{"href":"https:\/\/baan-baan.com\/pro\/fr\/wp-json\/wp\/v2\/product"}],"about":[{"href":"https:\/\/baan-baan.com\/pro\/fr\/wp-json\/wp\/v2\/types\/product"}],"wp:featuredmedia":[{"embeddable":true,"href":"https:\/\/baan-baan.com\/pro\/fr\/wp-json\/wp\/v2\/media\/19669"}],"wp:attachment":[{"href":"https:\/\/baan-baan.com\/pro\/fr\/wp-json\/wp\/v2\/media?parent=19657"}],"wp:term":[{"taxonomy":"product_brand","embeddable":true,"href":"https:\/\/baan-baan.com\/pro\/fr\/wp-json\/wp\/v2\/product_brand?post=19657"},{"taxonomy":"product_cat","embeddable":true,"href":"https:\/\/baan-baan.com\/pro\/fr\/wp-json\/wp\/v2\/product_cat?post=19657"},{"taxonomy":"product_tag","embeddable":true,"href":"https:\/\/baan-baan.com\/pro\/fr\/wp-json\/wp\/v2\/product_tag?post=19657"}],"curies":[{"name":"wp","href":"https:\/\/api.w.org\/{rel}","templated":true}]}}