{"id":7134,"date":"2020-01-03T11:27:11","date_gmt":"2020-01-03T10:27:11","guid":{"rendered":"https:\/\/dev.baan-baan.com\/pro\/produit\/bracelet-bouddhiste-officiel-torsade-fin-argent\/"},"modified":"2024-11-26T15:18:23","modified_gmt":"2024-11-26T14:18:23","slug":"bracelet-bouddhiste-officiel-torsade-fin-argent","status":"publish","type":"product","link":"https:\/\/baan-baan.com\/pro\/fr\/produit\/bracelet-bouddhiste-officiel-torsade-fin-argent\/","title":{"rendered":"Marque Officielle &#8211; Bracelet bouddhiste Torsad\u00e9 fin Argent"},"content":{"rendered":"<p class=\"style7\"><strong>Baan est la marque officielle des bracelets bouddhistes depuis 2010.<\/strong><\/p>\n<p class=\"style7\">Les bracelets bouddhistes Baan sont inspir\u00e9s d\u2019un mod\u00e8le de jonc traditionnel porte-bonheur dans les pays bouddhistes. Ils sont remplis de feuilles d\u2019or utilis\u00e9es pour le culte bouddhiste. Les bouddhistes vont les faire b\u00e9nir par les moines dans les temples.<\/p>\n<p>Baan a d\u00e9couvert ce bracelet et a cr\u00e9\u00e9 toute une collection en 2010 \u00e0 partir de ce bijou traditionnel et propose de nombreux mod\u00e8les : cuivre, torsad\u00e9, argent, braid, mod\u00e8les \u00e9pais et fin.<br \/>\nToutes ces d\u00e9clinaisons sont des cr\u00e9ations originales de la marque Baan et sont devenus nos bijoux intemporels.<\/p>\n<p class=\"style6\"><strong>Diam\u00e8tres (int\u00e9rieur)<\/strong><\/p>\n<p>XS : 5 cm<br \/>\nS : 5,5 cm<br \/>\nM : 6 cm<br \/>\nL : 6,5 cm<br \/>\nXL : 7 cm<\/p>\n<p><strong>Vendus \u00e0 l\u2019unit\u00e9\u00a0<\/strong><\/p>\n<p><b>Mati\u00e8re :<\/b><br \/>\nJonc souple transparent rempli de poudre argent\u00e9e.<\/p>\n<p><strong>Existe en mat ou brillant.<\/strong><br \/>\n<span style=\"color: #ff0000;\"><strong>Promotion sur le mod\u00e8le mat jusqu\u2019\u00e0 \u00e9puisement des stocks.<\/strong><\/span><\/p>\n","protected":false},"excerpt":{"rendered":"<p>Baan est la marque officielle des bracelets bouddhistes depuis 2010. Les bracelets bouddhistes Baan sont inspir\u00e9s d\u2019un mod\u00e8le de jonc traditionnel porte-bonheur dans les pays bouddhistes. Ils sont remplis de feuilles d\u2019or utilis\u00e9es pour le culte bouddhiste. Les bouddhistes vont les faire b\u00e9nir par les moines dans les temples. Baan a d\u00e9couvert ce bracelet et [&hellip;]<\/p>\n","protected":false},"featured_media":19259,"template":"","meta":{"_et_pb_use_builder":"","_et_pb_old_content":"","_et_gb_content_width":""},"product_brand":[],"product_cat":[99],"product_tag":[],"class_list":{"0":"post-7134","1":"product","2":"type-product","3":"status-publish","4":"has-post-thumbnail","6":"product_cat-bracelets-bouddhistes-baan-2","8":"first","9":"instock","10":"sale","11":"taxable","12":"shipping-taxable","13":"purchasable","14":"product-type-variable"},"yoast_head":"<!-- This site is optimized with the Yoast SEO plugin v27.3 - https:\/\/yoast.com\/product\/yoast-seo-wordpress\/ -->\n<title>Bracelet bouddhiste torsad\u00e9 - Mod\u00e8le fin argent<\/title>\n<meta name=\"description\" content=\"R\u00e9alis\u00e9 avec un jonc souple et des paillettes de feuilles d\u2019or utilis\u00e9es pour le culte bouddhiste. Les bouddhistes les font b\u00e9nir par les bonzes pour qu&#039;ils leur portent chance.\" \/>\n<meta name=\"robots\" content=\"noindex, follow, max-snippet:-1, max-image-preview:large, max-video-preview:-1\" \/>\n<meta property=\"og:locale\" content=\"fr_FR\" \/>\n<meta property=\"og:type\" content=\"article\" \/>\n<meta property=\"og:title\" content=\"Bracelet bouddhiste torsad\u00e9 - Mod\u00e8le fin argent\" \/>\n<meta property=\"og:description\" content=\"R\u00e9alis\u00e9 avec un jonc souple et des paillettes de feuilles d\u2019or utilis\u00e9es pour le culte bouddhiste. Les bouddhistes les font b\u00e9nir par les bonzes pour qu&#039;ils leur portent chance.\" \/>\n<meta property=\"og:url\" content=\"https:\/\/baan-baan.com\/pro\/fr\/produit\/bracelet-bouddhiste-officiel-torsade-fin-argent\/\" \/>\n<meta property=\"og:site_name\" content=\"Baan Pro\" \/>\n<meta property=\"article:publisher\" content=\"https:\/\/www.facebook.com\/share\/1BjwM2bT8W\/?mibextid=wwXIfr\" \/>\n<meta property=\"article:modified_time\" content=\"2024-11-26T14:18:23+00:00\" \/>\n<meta property=\"og:image\" content=\"https:\/\/baan-baan.com\/pro\/wp-content\/uploads\/sites\/6\/2020\/01\/f6a7c820-2a56-49db-95dc-dec97c0bc562.jpg\" \/>\n\t<meta property=\"og:image:width\" content=\"1512\" \/>\n\t<meta property=\"og:image:height\" content=\"1512\" \/>\n\t<meta property=\"og:image:type\" content=\"image\/jpeg\" \/>\n<meta name=\"twitter:card\" content=\"summary_large_image\" \/>\n<meta name=\"twitter:label1\" content=\"Dur\u00e9e de lecture estim\u00e9e\" \/>\n\t<meta name=\"twitter:data1\" content=\"1 minute\" \/>\n<script type=\"application\/ld+json\" class=\"yoast-schema-graph\">{\"@context\":\"https:\\\/\\\/schema.org\",\"@graph\":[{\"@type\":\"WebPage\",\"@id\":\"https:\\\/\\\/baan-baan.com\\\/pro\\\/fr\\\/produit\\\/bracelet-bouddhiste-officiel-torsade-fin-argent\\\/\",\"url\":\"https:\\\/\\\/baan-baan.com\\\/pro\\\/fr\\\/produit\\\/bracelet-bouddhiste-officiel-torsade-fin-argent\\\/\",\"name\":\"Bracelet bouddhiste torsad\u00e9 - Mod\u00e8le fin argent\",\"isPartOf\":{\"@id\":\"https:\\\/\\\/baan-baan.com\\\/pro\\\/fr\\\/#website\"},\"primaryImageOfPage\":{\"@id\":\"https:\\\/\\\/baan-baan.com\\\/pro\\\/fr\\\/produit\\\/bracelet-bouddhiste-officiel-torsade-fin-argent\\\/#primaryimage\"},\"image\":{\"@id\":\"https:\\\/\\\/baan-baan.com\\\/pro\\\/fr\\\/produit\\\/bracelet-bouddhiste-officiel-torsade-fin-argent\\\/#primaryimage\"},\"thumbnailUrl\":\"https:\\\/\\\/baan-baan.com\\\/pro\\\/wp-content\\\/uploads\\\/sites\\\/6\\\/2020\\\/01\\\/f6a7c820-2a56-49db-95dc-dec97c0bc562.jpg\",\"datePublished\":\"2020-01-03T10:27:11+00:00\",\"dateModified\":\"2024-11-26T14:18:23+00:00\",\"description\":\"R\u00e9alis\u00e9 avec un jonc souple et des paillettes de feuilles d\u2019or utilis\u00e9es pour le culte bouddhiste. Les bouddhistes les font b\u00e9nir par les bonzes pour qu'ils leur portent chance.\",\"breadcrumb\":{\"@id\":\"https:\\\/\\\/baan-baan.com\\\/pro\\\/fr\\\/produit\\\/bracelet-bouddhiste-officiel-torsade-fin-argent\\\/#breadcrumb\"},\"inLanguage\":\"fr-FR\",\"potentialAction\":[{\"@type\":\"ReadAction\",\"target\":[\"https:\\\/\\\/baan-baan.com\\\/pro\\\/fr\\\/produit\\\/bracelet-bouddhiste-officiel-torsade-fin-argent\\\/\"]}]},{\"@type\":\"ImageObject\",\"inLanguage\":\"fr-FR\",\"@id\":\"https:\\\/\\\/baan-baan.com\\\/pro\\\/fr\\\/produit\\\/bracelet-bouddhiste-officiel-torsade-fin-argent\\\/#primaryimage\",\"url\":\"https:\\\/\\\/baan-baan.com\\\/pro\\\/wp-content\\\/uploads\\\/sites\\\/6\\\/2020\\\/01\\\/f6a7c820-2a56-49db-95dc-dec97c0bc562.jpg\",\"contentUrl\":\"https:\\\/\\\/baan-baan.com\\\/pro\\\/wp-content\\\/uploads\\\/sites\\\/6\\\/2020\\\/01\\\/f6a7c820-2a56-49db-95dc-dec97c0bc562.jpg\",\"width\":1512,\"height\":1512},{\"@type\":\"BreadcrumbList\",\"@id\":\"https:\\\/\\\/baan-baan.com\\\/pro\\\/fr\\\/produit\\\/bracelet-bouddhiste-officiel-torsade-fin-argent\\\/#breadcrumb\",\"itemListElement\":[{\"@type\":\"ListItem\",\"position\":1,\"name\":\"Home\",\"item\":\"https:\\\/\\\/baan-baan.com\\\/pro\\\/fr\\\/\"},{\"@type\":\"ListItem\",\"position\":2,\"name\":\"Boutique\",\"item\":\"https:\\\/\\\/baan-baan.com\\\/pro\\\/fr\\\/boutique\\\/\"},{\"@type\":\"ListItem\",\"position\":3,\"name\":\"Marque Officielle &#8211; Bracelet bouddhiste Torsad\u00e9 fin Argent\"}]},{\"@type\":\"WebSite\",\"@id\":\"https:\\\/\\\/baan-baan.com\\\/pro\\\/fr\\\/#website\",\"url\":\"https:\\\/\\\/baan-baan.com\\\/pro\\\/fr\\\/\",\"name\":\"Baan Pro\",\"description\":\"\",\"publisher\":{\"@id\":\"https:\\\/\\\/baan-baan.com\\\/pro\\\/fr\\\/#organization\"},\"potentialAction\":[{\"@type\":\"SearchAction\",\"target\":{\"@type\":\"EntryPoint\",\"urlTemplate\":\"https:\\\/\\\/baan-baan.com\\\/pro\\\/fr\\\/?s={search_term_string}\"},\"query-input\":{\"@type\":\"PropertyValueSpecification\",\"valueRequired\":true,\"valueName\":\"search_term_string\"}}],\"inLanguage\":\"fr-FR\"},{\"@type\":\"Organization\",\"@id\":\"https:\\\/\\\/baan-baan.com\\\/pro\\\/fr\\\/#organization\",\"name\":\"Baan Pro\",\"url\":\"https:\\\/\\\/baan-baan.com\\\/pro\\\/fr\\\/\",\"logo\":{\"@type\":\"ImageObject\",\"inLanguage\":\"fr-FR\",\"@id\":\"https:\\\/\\\/baan-baan.com\\\/pro\\\/fr\\\/#\\\/schema\\\/logo\\\/image\\\/\",\"url\":\"https:\\\/\\\/baan-baan.com\\\/pro\\\/wp-content\\\/uploads\\\/sites\\\/6\\\/2019\\\/12\\\/LOGO-BAAN.jpeg\",\"contentUrl\":\"https:\\\/\\\/baan-baan.com\\\/pro\\\/wp-content\\\/uploads\\\/sites\\\/6\\\/2019\\\/12\\\/LOGO-BAAN.jpeg\",\"width\":2560,\"height\":1554,\"caption\":\"Baan Pro\"},\"image\":{\"@id\":\"https:\\\/\\\/baan-baan.com\\\/pro\\\/fr\\\/#\\\/schema\\\/logo\\\/image\\\/\"},\"sameAs\":[\"https:\\\/\\\/www.facebook.com\\\/share\\\/1BjwM2bT8W\\\/?mibextid=wwXIfr\",\"https:\\\/\\\/www.instagram.com\\\/baan.ethnic.minimalism?igsh=czMxeWllOGM4MGdp\"]}]}<\/script>\n<!-- \/ Yoast SEO plugin. -->","yoast_head_json":{"title":"Bracelet bouddhiste torsad\u00e9 - Mod\u00e8le fin argent","description":"R\u00e9alis\u00e9 avec un jonc souple et des paillettes de feuilles d\u2019or utilis\u00e9es pour le culte bouddhiste. Les bouddhistes les font b\u00e9nir par les bonzes pour qu'ils leur portent chance.","robots":{"index":"noindex","follow":"follow","max-snippet":"max-snippet:-1","max-image-preview":"max-image-preview:large","max-video-preview":"max-video-preview:-1"},"og_locale":"fr_FR","og_type":"article","og_title":"Bracelet bouddhiste torsad\u00e9 - Mod\u00e8le fin argent","og_description":"R\u00e9alis\u00e9 avec un jonc souple et des paillettes de feuilles d\u2019or utilis\u00e9es pour le culte bouddhiste. Les bouddhistes les font b\u00e9nir par les bonzes pour qu'ils leur portent chance.","og_url":"https:\/\/baan-baan.com\/pro\/fr\/produit\/bracelet-bouddhiste-officiel-torsade-fin-argent\/","og_site_name":"Baan Pro","article_publisher":"https:\/\/www.facebook.com\/share\/1BjwM2bT8W\/?mibextid=wwXIfr","article_modified_time":"2024-11-26T14:18:23+00:00","og_image":[{"width":1512,"height":1512,"url":"https:\/\/baan-baan.com\/pro\/wp-content\/uploads\/sites\/6\/2020\/01\/f6a7c820-2a56-49db-95dc-dec97c0bc562.jpg","type":"image\/jpeg"}],"twitter_card":"summary_large_image","twitter_misc":{"Dur\u00e9e de lecture estim\u00e9e":"1 minute"},"schema":{"@context":"https:\/\/schema.org","@graph":[{"@type":"WebPage","@id":"https:\/\/baan-baan.com\/pro\/fr\/produit\/bracelet-bouddhiste-officiel-torsade-fin-argent\/","url":"https:\/\/baan-baan.com\/pro\/fr\/produit\/bracelet-bouddhiste-officiel-torsade-fin-argent\/","name":"Bracelet bouddhiste torsad\u00e9 - Mod\u00e8le fin argent","isPartOf":{"@id":"https:\/\/baan-baan.com\/pro\/fr\/#website"},"primaryImageOfPage":{"@id":"https:\/\/baan-baan.com\/pro\/fr\/produit\/bracelet-bouddhiste-officiel-torsade-fin-argent\/#primaryimage"},"image":{"@id":"https:\/\/baan-baan.com\/pro\/fr\/produit\/bracelet-bouddhiste-officiel-torsade-fin-argent\/#primaryimage"},"thumbnailUrl":"https:\/\/baan-baan.com\/pro\/wp-content\/uploads\/sites\/6\/2020\/01\/f6a7c820-2a56-49db-95dc-dec97c0bc562.jpg","datePublished":"2020-01-03T10:27:11+00:00","dateModified":"2024-11-26T14:18:23+00:00","description":"R\u00e9alis\u00e9 avec un jonc souple et des paillettes de feuilles d\u2019or utilis\u00e9es pour le culte bouddhiste. Les bouddhistes les font b\u00e9nir par les bonzes pour qu'ils leur portent chance.","breadcrumb":{"@id":"https:\/\/baan-baan.com\/pro\/fr\/produit\/bracelet-bouddhiste-officiel-torsade-fin-argent\/#breadcrumb"},"inLanguage":"fr-FR","potentialAction":[{"@type":"ReadAction","target":["https:\/\/baan-baan.com\/pro\/fr\/produit\/bracelet-bouddhiste-officiel-torsade-fin-argent\/"]}]},{"@type":"ImageObject","inLanguage":"fr-FR","@id":"https:\/\/baan-baan.com\/pro\/fr\/produit\/bracelet-bouddhiste-officiel-torsade-fin-argent\/#primaryimage","url":"https:\/\/baan-baan.com\/pro\/wp-content\/uploads\/sites\/6\/2020\/01\/f6a7c820-2a56-49db-95dc-dec97c0bc562.jpg","contentUrl":"https:\/\/baan-baan.com\/pro\/wp-content\/uploads\/sites\/6\/2020\/01\/f6a7c820-2a56-49db-95dc-dec97c0bc562.jpg","width":1512,"height":1512},{"@type":"BreadcrumbList","@id":"https:\/\/baan-baan.com\/pro\/fr\/produit\/bracelet-bouddhiste-officiel-torsade-fin-argent\/#breadcrumb","itemListElement":[{"@type":"ListItem","position":1,"name":"Home","item":"https:\/\/baan-baan.com\/pro\/fr\/"},{"@type":"ListItem","position":2,"name":"Boutique","item":"https:\/\/baan-baan.com\/pro\/fr\/boutique\/"},{"@type":"ListItem","position":3,"name":"Marque Officielle &#8211; Bracelet bouddhiste Torsad\u00e9 fin Argent"}]},{"@type":"WebSite","@id":"https:\/\/baan-baan.com\/pro\/fr\/#website","url":"https:\/\/baan-baan.com\/pro\/fr\/","name":"Baan Pro","description":"","publisher":{"@id":"https:\/\/baan-baan.com\/pro\/fr\/#organization"},"potentialAction":[{"@type":"SearchAction","target":{"@type":"EntryPoint","urlTemplate":"https:\/\/baan-baan.com\/pro\/fr\/?s={search_term_string}"},"query-input":{"@type":"PropertyValueSpecification","valueRequired":true,"valueName":"search_term_string"}}],"inLanguage":"fr-FR"},{"@type":"Organization","@id":"https:\/\/baan-baan.com\/pro\/fr\/#organization","name":"Baan Pro","url":"https:\/\/baan-baan.com\/pro\/fr\/","logo":{"@type":"ImageObject","inLanguage":"fr-FR","@id":"https:\/\/baan-baan.com\/pro\/fr\/#\/schema\/logo\/image\/","url":"https:\/\/baan-baan.com\/pro\/wp-content\/uploads\/sites\/6\/2019\/12\/LOGO-BAAN.jpeg","contentUrl":"https:\/\/baan-baan.com\/pro\/wp-content\/uploads\/sites\/6\/2019\/12\/LOGO-BAAN.jpeg","width":2560,"height":1554,"caption":"Baan Pro"},"image":{"@id":"https:\/\/baan-baan.com\/pro\/fr\/#\/schema\/logo\/image\/"},"sameAs":["https:\/\/www.facebook.com\/share\/1BjwM2bT8W\/?mibextid=wwXIfr","https:\/\/www.instagram.com\/baan.ethnic.minimalism?igsh=czMxeWllOGM4MGdp"]}]}},"_links":{"self":[{"href":"https:\/\/baan-baan.com\/pro\/fr\/wp-json\/wp\/v2\/product\/7134","targetHints":{"allow":["GET"]}}],"collection":[{"href":"https:\/\/baan-baan.com\/pro\/fr\/wp-json\/wp\/v2\/product"}],"about":[{"href":"https:\/\/baan-baan.com\/pro\/fr\/wp-json\/wp\/v2\/types\/product"}],"wp:featuredmedia":[{"embeddable":true,"href":"https:\/\/baan-baan.com\/pro\/fr\/wp-json\/wp\/v2\/media\/19259"}],"wp:attachment":[{"href":"https:\/\/baan-baan.com\/pro\/fr\/wp-json\/wp\/v2\/media?parent=7134"}],"wp:term":[{"taxonomy":"product_brand","embeddable":true,"href":"https:\/\/baan-baan.com\/pro\/fr\/wp-json\/wp\/v2\/product_brand?post=7134"},{"taxonomy":"product_cat","embeddable":true,"href":"https:\/\/baan-baan.com\/pro\/fr\/wp-json\/wp\/v2\/product_cat?post=7134"},{"taxonomy":"product_tag","embeddable":true,"href":"https:\/\/baan-baan.com\/pro\/fr\/wp-json\/wp\/v2\/product_tag?post=7134"}],"curies":[{"name":"wp","href":"https:\/\/api.w.org\/{rel}","templated":true}]}}