{"id":7209,"date":"2019-12-19T15:42:00","date_gmt":"2019-12-19T14:42:00","guid":{"rendered":"https:\/\/dev.baan-baan.com\/pro\/produit\/panier-en-palmier\/"},"modified":"2023-09-09T11:32:08","modified_gmt":"2023-09-09T10:32:08","slug":"panier-en-palmier","status":"publish","type":"product","link":"https:\/\/baan-baan.com\/pro\/fr\/produit\/panier-en-palmier\/","title":{"rendered":"Panier en palmier"},"content":{"rendered":"<p>Paniers en palmier, r\u00e9alis\u00e9s enti\u00e8rement \u00e0 la main.<br \/>\nIls sont rigides et solides, et peuvent \u00eatre utilis\u00e9s tant en panier de plage, de march\u00e9 que de rangement dans la maison.<\/p>\n<p><b>Mati\u00e8re : <\/b>Palmier<\/p>\n<p><strong>Couleur<\/strong> : Naturel<\/p>\n<p><strong>Dimensions<\/strong> :<\/p>\n<p><strong>N\u00b01 : <\/strong>H 30cm x L30cm x P 20cm<strong><br \/>\nN\u00b02 : <\/strong>H 35cm x L 35cm x P 23cm<strong><br \/>\nN\u00b03 : <\/strong>H 40cm x L 40cm x P 25cm<strong><br \/>\nN\u00b04 : <\/strong>H 45cm x L 45cm x P 28cm<strong><br \/>\nN\u00b05 : <\/strong>H 50cm x L 50cm x P 30cm<\/p>\n<p><strong><span lang=\"EN-GB\">Prix public TTC conseill\u00e9<\/span> : <\/strong><\/p>\n<p>N\u00b01 : 65\u20ac<strong><br \/>\nN\u00b02 : <\/strong>75\u20ac<strong><br \/>\nN\u00b03 : <\/strong>90\u20ac<strong><br \/>\nN\u00b04 : <\/strong>95\u20ac<strong><br \/>\nN\u00b05 : <\/strong>110\u20ac<strong><br \/>\n<\/strong><\/p>\n","protected":false},"excerpt":{"rendered":"<p>Paniers en palmier, r\u00e9alis\u00e9s enti\u00e8rement \u00e0 la main. Ils sont rigides et solides, et peuvent \u00eatre utilis\u00e9s tant en panier de plage, de march\u00e9 que de rangement dans la maison. Mati\u00e8re : Palmier Couleur : Naturel Dimensions : N\u00b01 : H 30cm x L30cm x P 20cm N\u00b02 : H 35cm x L 35cm x [&hellip;]<\/p>\n","protected":false},"featured_media":1864,"template":"","meta":{"_et_pb_use_builder":"","_et_pb_old_content":"","_et_gb_content_width":""},"product_brand":[],"product_cat":[123],"product_tag":[],"class_list":{"0":"post-7209","1":"product","2":"type-product","3":"status-publish","4":"has-post-thumbnail","6":"product_cat-vannerie-2","8":"first","9":"instock","10":"taxable","11":"shipping-taxable","12":"purchasable","13":"product-type-variable","14":"wcspt-has-gallery"},"yoast_head":"<!-- This site is optimized with the Yoast SEO plugin v27.5 - https:\/\/yoast.com\/product\/yoast-seo-wordpress\/ -->\n<title>Baan - Panier en palmier<\/title>\n<meta name=\"robots\" content=\"noindex, follow, max-snippet:-1, max-image-preview:large, max-video-preview:-1\" \/>\n<meta property=\"og:locale\" content=\"fr_FR\" \/>\n<meta property=\"og:type\" content=\"article\" \/>\n<meta property=\"og:title\" content=\"Baan - Panier en palmier\" \/>\n<meta property=\"og:description\" content=\"Paniers en palmier, r\u00e9alis\u00e9s enti\u00e8rement \u00e0 la main. Ils sont rigides et solides, et peuvent \u00eatre utilis\u00e9s tant en panier de plage, de march\u00e9 que de rangement dans la maison. Mati\u00e8re : Palmier Couleur : Naturel Dimensions : N\u00b01 : H 30cm x L30cm x P 20cm N\u00b02 : H 35cm x L 35cm x [&hellip;]\" \/>\n<meta property=\"og:url\" content=\"https:\/\/baan-baan.com\/pro\/fr\/produit\/panier-en-palmier\/\" \/>\n<meta property=\"og:site_name\" content=\"Baan Pro\" \/>\n<meta property=\"article:publisher\" content=\"https:\/\/www.facebook.com\/share\/1BjwM2bT8W\/?mibextid=wwXIfr\" \/>\n<meta property=\"article:modified_time\" content=\"2023-09-09T10:32:08+00:00\" \/>\n<meta property=\"og:image\" content=\"https:\/\/baan-baan.com\/pro\/wp-content\/uploads\/sites\/6\/2020\/12\/3765.jpg\" \/>\n\t<meta property=\"og:image:width\" content=\"1100\" \/>\n\t<meta property=\"og:image:height\" content=\"1100\" \/>\n\t<meta property=\"og:image:type\" content=\"image\/jpeg\" \/>\n<meta name=\"twitter:card\" content=\"summary_large_image\" \/>\n<meta name=\"twitter:label1\" content=\"Dur\u00e9e de lecture estim\u00e9e\" \/>\n\t<meta name=\"twitter:data1\" content=\"1 minute\" \/>\n<script type=\"application\/ld+json\" class=\"yoast-schema-graph\">{\"@context\":\"https:\\\/\\\/schema.org\",\"@graph\":[{\"@type\":\"WebPage\",\"@id\":\"https:\\\/\\\/baan-baan.com\\\/pro\\\/fr\\\/produit\\\/panier-en-palmier\\\/\",\"url\":\"https:\\\/\\\/baan-baan.com\\\/pro\\\/fr\\\/produit\\\/panier-en-palmier\\\/\",\"name\":\"Baan - Panier en palmier\",\"isPartOf\":{\"@id\":\"https:\\\/\\\/baan-baan.com\\\/pro\\\/fr\\\/#website\"},\"primaryImageOfPage\":{\"@id\":\"https:\\\/\\\/baan-baan.com\\\/pro\\\/fr\\\/produit\\\/panier-en-palmier\\\/#primaryimage\"},\"image\":{\"@id\":\"https:\\\/\\\/baan-baan.com\\\/pro\\\/fr\\\/produit\\\/panier-en-palmier\\\/#primaryimage\"},\"thumbnailUrl\":\"https:\\\/\\\/baan-baan.com\\\/pro\\\/wp-content\\\/uploads\\\/sites\\\/6\\\/2020\\\/12\\\/3765.jpg\",\"datePublished\":\"2019-12-19T14:42:00+00:00\",\"dateModified\":\"2023-09-09T10:32:08+00:00\",\"breadcrumb\":{\"@id\":\"https:\\\/\\\/baan-baan.com\\\/pro\\\/fr\\\/produit\\\/panier-en-palmier\\\/#breadcrumb\"},\"inLanguage\":\"fr-FR\",\"potentialAction\":[{\"@type\":\"ReadAction\",\"target\":[\"https:\\\/\\\/baan-baan.com\\\/pro\\\/fr\\\/produit\\\/panier-en-palmier\\\/\"]}]},{\"@type\":\"ImageObject\",\"inLanguage\":\"fr-FR\",\"@id\":\"https:\\\/\\\/baan-baan.com\\\/pro\\\/fr\\\/produit\\\/panier-en-palmier\\\/#primaryimage\",\"url\":\"https:\\\/\\\/baan-baan.com\\\/pro\\\/wp-content\\\/uploads\\\/sites\\\/6\\\/2020\\\/12\\\/3765.jpg\",\"contentUrl\":\"https:\\\/\\\/baan-baan.com\\\/pro\\\/wp-content\\\/uploads\\\/sites\\\/6\\\/2020\\\/12\\\/3765.jpg\",\"width\":1100,\"height\":1100,\"caption\":\"Panier en palmier\"},{\"@type\":\"BreadcrumbList\",\"@id\":\"https:\\\/\\\/baan-baan.com\\\/pro\\\/fr\\\/produit\\\/panier-en-palmier\\\/#breadcrumb\",\"itemListElement\":[{\"@type\":\"ListItem\",\"position\":1,\"name\":\"Home\",\"item\":\"https:\\\/\\\/baan-baan.com\\\/pro\\\/fr\\\/\"},{\"@type\":\"ListItem\",\"position\":2,\"name\":\"Boutique\",\"item\":\"https:\\\/\\\/baan-baan.com\\\/pro\\\/fr\\\/boutique\\\/\"},{\"@type\":\"ListItem\",\"position\":3,\"name\":\"Panier en palmier\"}]},{\"@type\":\"WebSite\",\"@id\":\"https:\\\/\\\/baan-baan.com\\\/pro\\\/fr\\\/#website\",\"url\":\"https:\\\/\\\/baan-baan.com\\\/pro\\\/fr\\\/\",\"name\":\"Baan Pro\",\"description\":\"\",\"publisher\":{\"@id\":\"https:\\\/\\\/baan-baan.com\\\/pro\\\/fr\\\/#organization\"},\"potentialAction\":[{\"@type\":\"SearchAction\",\"target\":{\"@type\":\"EntryPoint\",\"urlTemplate\":\"https:\\\/\\\/baan-baan.com\\\/pro\\\/fr\\\/?s={search_term_string}\"},\"query-input\":{\"@type\":\"PropertyValueSpecification\",\"valueRequired\":true,\"valueName\":\"search_term_string\"}}],\"inLanguage\":\"fr-FR\"},{\"@type\":\"Organization\",\"@id\":\"https:\\\/\\\/baan-baan.com\\\/pro\\\/fr\\\/#organization\",\"name\":\"Baan Pro\",\"url\":\"https:\\\/\\\/baan-baan.com\\\/pro\\\/fr\\\/\",\"logo\":{\"@type\":\"ImageObject\",\"inLanguage\":\"fr-FR\",\"@id\":\"https:\\\/\\\/baan-baan.com\\\/pro\\\/fr\\\/#\\\/schema\\\/logo\\\/image\\\/\",\"url\":\"https:\\\/\\\/baan-baan.com\\\/pro\\\/wp-content\\\/uploads\\\/sites\\\/6\\\/2019\\\/12\\\/LOGO-BAAN.jpeg\",\"contentUrl\":\"https:\\\/\\\/baan-baan.com\\\/pro\\\/wp-content\\\/uploads\\\/sites\\\/6\\\/2019\\\/12\\\/LOGO-BAAN.jpeg\",\"width\":2560,\"height\":1554,\"caption\":\"Baan Pro\"},\"image\":{\"@id\":\"https:\\\/\\\/baan-baan.com\\\/pro\\\/fr\\\/#\\\/schema\\\/logo\\\/image\\\/\"},\"sameAs\":[\"https:\\\/\\\/www.facebook.com\\\/share\\\/1BjwM2bT8W\\\/?mibextid=wwXIfr\",\"https:\\\/\\\/www.instagram.com\\\/baan.ethnic.minimalism?igsh=czMxeWllOGM4MGdp\"]}]}<\/script>\n<!-- \/ Yoast SEO plugin. -->","yoast_head_json":{"title":"Baan - Panier en palmier","robots":{"index":"noindex","follow":"follow","max-snippet":"max-snippet:-1","max-image-preview":"max-image-preview:large","max-video-preview":"max-video-preview:-1"},"og_locale":"fr_FR","og_type":"article","og_title":"Baan - Panier en palmier","og_description":"Paniers en palmier, r\u00e9alis\u00e9s enti\u00e8rement \u00e0 la main. Ils sont rigides et solides, et peuvent \u00eatre utilis\u00e9s tant en panier de plage, de march\u00e9 que de rangement dans la maison. Mati\u00e8re : Palmier Couleur : Naturel Dimensions : N\u00b01 : H 30cm x L30cm x P 20cm N\u00b02 : H 35cm x L 35cm x [&hellip;]","og_url":"https:\/\/baan-baan.com\/pro\/fr\/produit\/panier-en-palmier\/","og_site_name":"Baan Pro","article_publisher":"https:\/\/www.facebook.com\/share\/1BjwM2bT8W\/?mibextid=wwXIfr","article_modified_time":"2023-09-09T10:32:08+00:00","og_image":[{"width":1100,"height":1100,"url":"https:\/\/baan-baan.com\/pro\/wp-content\/uploads\/sites\/6\/2020\/12\/3765.jpg","type":"image\/jpeg"}],"twitter_card":"summary_large_image","twitter_misc":{"Dur\u00e9e de lecture estim\u00e9e":"1 minute"},"schema":{"@context":"https:\/\/schema.org","@graph":[{"@type":"WebPage","@id":"https:\/\/baan-baan.com\/pro\/fr\/produit\/panier-en-palmier\/","url":"https:\/\/baan-baan.com\/pro\/fr\/produit\/panier-en-palmier\/","name":"Baan - Panier en palmier","isPartOf":{"@id":"https:\/\/baan-baan.com\/pro\/fr\/#website"},"primaryImageOfPage":{"@id":"https:\/\/baan-baan.com\/pro\/fr\/produit\/panier-en-palmier\/#primaryimage"},"image":{"@id":"https:\/\/baan-baan.com\/pro\/fr\/produit\/panier-en-palmier\/#primaryimage"},"thumbnailUrl":"https:\/\/baan-baan.com\/pro\/wp-content\/uploads\/sites\/6\/2020\/12\/3765.jpg","datePublished":"2019-12-19T14:42:00+00:00","dateModified":"2023-09-09T10:32:08+00:00","breadcrumb":{"@id":"https:\/\/baan-baan.com\/pro\/fr\/produit\/panier-en-palmier\/#breadcrumb"},"inLanguage":"fr-FR","potentialAction":[{"@type":"ReadAction","target":["https:\/\/baan-baan.com\/pro\/fr\/produit\/panier-en-palmier\/"]}]},{"@type":"ImageObject","inLanguage":"fr-FR","@id":"https:\/\/baan-baan.com\/pro\/fr\/produit\/panier-en-palmier\/#primaryimage","url":"https:\/\/baan-baan.com\/pro\/wp-content\/uploads\/sites\/6\/2020\/12\/3765.jpg","contentUrl":"https:\/\/baan-baan.com\/pro\/wp-content\/uploads\/sites\/6\/2020\/12\/3765.jpg","width":1100,"height":1100,"caption":"Panier en palmier"},{"@type":"BreadcrumbList","@id":"https:\/\/baan-baan.com\/pro\/fr\/produit\/panier-en-palmier\/#breadcrumb","itemListElement":[{"@type":"ListItem","position":1,"name":"Home","item":"https:\/\/baan-baan.com\/pro\/fr\/"},{"@type":"ListItem","position":2,"name":"Boutique","item":"https:\/\/baan-baan.com\/pro\/fr\/boutique\/"},{"@type":"ListItem","position":3,"name":"Panier en palmier"}]},{"@type":"WebSite","@id":"https:\/\/baan-baan.com\/pro\/fr\/#website","url":"https:\/\/baan-baan.com\/pro\/fr\/","name":"Baan Pro","description":"","publisher":{"@id":"https:\/\/baan-baan.com\/pro\/fr\/#organization"},"potentialAction":[{"@type":"SearchAction","target":{"@type":"EntryPoint","urlTemplate":"https:\/\/baan-baan.com\/pro\/fr\/?s={search_term_string}"},"query-input":{"@type":"PropertyValueSpecification","valueRequired":true,"valueName":"search_term_string"}}],"inLanguage":"fr-FR"},{"@type":"Organization","@id":"https:\/\/baan-baan.com\/pro\/fr\/#organization","name":"Baan Pro","url":"https:\/\/baan-baan.com\/pro\/fr\/","logo":{"@type":"ImageObject","inLanguage":"fr-FR","@id":"https:\/\/baan-baan.com\/pro\/fr\/#\/schema\/logo\/image\/","url":"https:\/\/baan-baan.com\/pro\/wp-content\/uploads\/sites\/6\/2019\/12\/LOGO-BAAN.jpeg","contentUrl":"https:\/\/baan-baan.com\/pro\/wp-content\/uploads\/sites\/6\/2019\/12\/LOGO-BAAN.jpeg","width":2560,"height":1554,"caption":"Baan Pro"},"image":{"@id":"https:\/\/baan-baan.com\/pro\/fr\/#\/schema\/logo\/image\/"},"sameAs":["https:\/\/www.facebook.com\/share\/1BjwM2bT8W\/?mibextid=wwXIfr","https:\/\/www.instagram.com\/baan.ethnic.minimalism?igsh=czMxeWllOGM4MGdp"]}]}},"_links":{"self":[{"href":"https:\/\/baan-baan.com\/pro\/fr\/wp-json\/wp\/v2\/product\/7209","targetHints":{"allow":["GET"]}}],"collection":[{"href":"https:\/\/baan-baan.com\/pro\/fr\/wp-json\/wp\/v2\/product"}],"about":[{"href":"https:\/\/baan-baan.com\/pro\/fr\/wp-json\/wp\/v2\/types\/product"}],"wp:featuredmedia":[{"embeddable":true,"href":"https:\/\/baan-baan.com\/pro\/fr\/wp-json\/wp\/v2\/media\/1864"}],"wp:attachment":[{"href":"https:\/\/baan-baan.com\/pro\/fr\/wp-json\/wp\/v2\/media?parent=7209"}],"wp:term":[{"taxonomy":"product_brand","embeddable":true,"href":"https:\/\/baan-baan.com\/pro\/fr\/wp-json\/wp\/v2\/product_brand?post=7209"},{"taxonomy":"product_cat","embeddable":true,"href":"https:\/\/baan-baan.com\/pro\/fr\/wp-json\/wp\/v2\/product_cat?post=7209"},{"taxonomy":"product_tag","embeddable":true,"href":"https:\/\/baan-baan.com\/pro\/fr\/wp-json\/wp\/v2\/product_tag?post=7209"}],"curies":[{"name":"wp","href":"https:\/\/api.w.org\/{rel}","templated":true}]}}