{"id":7749,"date":"2018-08-29T16:02:51","date_gmt":"2018-08-29T15:02:51","guid":{"rendered":"https:\/\/dev.baan-baan.com\/pro\/produit\/coussins-interieur\/"},"modified":"2021-04-06T13:59:59","modified_gmt":"2021-04-06T12:59:59","slug":"coussins-interieur","status":"publish","type":"product","link":"https:\/\/baan-baan.com\/pro\/fr\/produit\/coussins-interieur\/","title":{"rendered":"Coussins (garnissage)"},"content":{"rendered":"<p>Nos coussins de la Companie Dumas, garnissage Hollow Fiber (fibre polyester creuse silicon\u00e9e) d&rsquo;environ 300 grammes selon le mod\u00e8le.<br \/>\nIls sont vendus prix co\u00fbtant et uniquement avec une commande de housse dans la collection.<\/p>\n<p><strong>Dimensions :<\/strong><br \/>\n25x55cm 5,50\u20ac HT<br \/>\n30x60cm 5,50\u20ac HT<br \/>\n40x40cm 5\u20ac HT<br \/>\n40x60cm 6\u20ac HT<br \/>\n50x50cm 6\u20ac HT<br \/>\n60x60cm 8\u20ac HT<br \/>\n50x70cm 8\u20ac HT<br \/>\n60x100cm 15\u20ac HT<br \/>\n90x90cm 20\u20ac HT<\/p>\n<p><span style=\"color: #333333;\"><strong>Futon :<\/strong><br \/>\nInt\u00e9rieur en Kapok Bio et enveloppe en Coton Bio.<br \/>\n100&#215;200 cm<strong> 450\u20ac <\/strong>HT<strong>\u00a0<\/strong><\/span><\/p>\n","protected":false},"excerpt":{"rendered":"<p>Nos coussins de la Companie Dumas, garnissage Hollow Fiber (fibre polyester creuse silicon\u00e9e) d&rsquo;environ 300 grammes selon le mod\u00e8le. Ils sont vendus prix co\u00fbtant et uniquement avec une commande de housse dans la collection. Dimensions : 25x55cm 5,50\u20ac HT 30x60cm 5,50\u20ac HT 40x40cm 5\u20ac HT 40x60cm 6\u20ac HT 50x50cm 6\u20ac HT 60x60cm 8\u20ac HT 50x70cm [&hellip;]<\/p>\n","protected":false},"featured_media":2740,"template":"","meta":{"_et_pb_use_builder":"","_et_pb_old_content":"","_et_gb_content_width":""},"product_brand":[],"product_cat":[118],"product_tag":[],"class_list":{"0":"post-7749","1":"product","2":"type-product","3":"status-publish","4":"has-post-thumbnail","6":"product_cat-supplements-pro-2","8":"first","9":"instock","10":"taxable","11":"shipping-taxable","12":"purchasable","13":"product-type-variable"},"yoast_head":"<!-- This site is optimized with the Yoast SEO plugin v27.3 - https:\/\/yoast.com\/product\/yoast-seo-wordpress\/ -->\n<title>Baan - Coussins (int\u00e9rieur)<\/title>\n<meta name=\"robots\" content=\"noindex, follow, max-snippet:-1, max-image-preview:large, max-video-preview:-1\" \/>\n<meta property=\"og:locale\" content=\"fr_FR\" \/>\n<meta property=\"og:type\" content=\"article\" \/>\n<meta property=\"og:title\" content=\"Baan - Coussins (int\u00e9rieur)\" \/>\n<meta property=\"og:description\" content=\"Nos coussins de la Companie Dumas, garnissage Hollow Fiber (fibre polyester creuse silicon\u00e9e) d&rsquo;environ 300 grammes selon le mod\u00e8le. Ils sont vendus prix co\u00fbtant et uniquement avec une commande de housse dans la collection. Dimensions : 25x55cm 5,50\u20ac HT 30x60cm 5,50\u20ac HT 40x40cm 5\u20ac HT 40x60cm 6\u20ac HT 50x50cm 6\u20ac HT 60x60cm 8\u20ac HT 50x70cm [&hellip;]\" \/>\n<meta property=\"og:url\" content=\"https:\/\/baan-baan.com\/pro\/fr\/produit\/coussins-interieur\/\" \/>\n<meta property=\"og:site_name\" content=\"Baan Pro\" \/>\n<meta property=\"article:publisher\" content=\"https:\/\/www.facebook.com\/share\/1BjwM2bT8W\/?mibextid=wwXIfr\" \/>\n<meta property=\"article:modified_time\" content=\"2021-04-06T12:59:59+00:00\" \/>\n<meta property=\"og:image\" content=\"https:\/\/baan-baan.com\/pro\/wp-content\/uploads\/sites\/6\/2020\/12\/2829.jpg\" \/>\n\t<meta property=\"og:image:width\" content=\"1100\" \/>\n\t<meta property=\"og:image:height\" content=\"1100\" \/>\n\t<meta property=\"og:image:type\" content=\"image\/jpeg\" \/>\n<meta name=\"twitter:card\" content=\"summary_large_image\" \/>\n<script type=\"application\/ld+json\" class=\"yoast-schema-graph\">{\"@context\":\"https:\\\/\\\/schema.org\",\"@graph\":[{\"@type\":\"WebPage\",\"@id\":\"https:\\\/\\\/baan-baan.com\\\/pro\\\/fr\\\/produit\\\/coussins-interieur\\\/\",\"url\":\"https:\\\/\\\/baan-baan.com\\\/pro\\\/fr\\\/produit\\\/coussins-interieur\\\/\",\"name\":\"Baan - Coussins (int\u00e9rieur)\",\"isPartOf\":{\"@id\":\"https:\\\/\\\/baan-baan.com\\\/pro\\\/fr\\\/#website\"},\"primaryImageOfPage\":{\"@id\":\"https:\\\/\\\/baan-baan.com\\\/pro\\\/fr\\\/produit\\\/coussins-interieur\\\/#primaryimage\"},\"image\":{\"@id\":\"https:\\\/\\\/baan-baan.com\\\/pro\\\/fr\\\/produit\\\/coussins-interieur\\\/#primaryimage\"},\"thumbnailUrl\":\"https:\\\/\\\/baan-baan.com\\\/pro\\\/wp-content\\\/uploads\\\/sites\\\/6\\\/2020\\\/12\\\/2829.jpg\",\"datePublished\":\"2018-08-29T15:02:51+00:00\",\"dateModified\":\"2021-04-06T12:59:59+00:00\",\"breadcrumb\":{\"@id\":\"https:\\\/\\\/baan-baan.com\\\/pro\\\/fr\\\/produit\\\/coussins-interieur\\\/#breadcrumb\"},\"inLanguage\":\"fr-FR\",\"potentialAction\":[{\"@type\":\"ReadAction\",\"target\":[\"https:\\\/\\\/baan-baan.com\\\/pro\\\/fr\\\/produit\\\/coussins-interieur\\\/\"]}]},{\"@type\":\"ImageObject\",\"inLanguage\":\"fr-FR\",\"@id\":\"https:\\\/\\\/baan-baan.com\\\/pro\\\/fr\\\/produit\\\/coussins-interieur\\\/#primaryimage\",\"url\":\"https:\\\/\\\/baan-baan.com\\\/pro\\\/wp-content\\\/uploads\\\/sites\\\/6\\\/2020\\\/12\\\/2829.jpg\",\"contentUrl\":\"https:\\\/\\\/baan-baan.com\\\/pro\\\/wp-content\\\/uploads\\\/sites\\\/6\\\/2020\\\/12\\\/2829.jpg\",\"width\":1100,\"height\":1100,\"caption\":\"Coussins (int\u00e9rieur)\"},{\"@type\":\"BreadcrumbList\",\"@id\":\"https:\\\/\\\/baan-baan.com\\\/pro\\\/fr\\\/produit\\\/coussins-interieur\\\/#breadcrumb\",\"itemListElement\":[{\"@type\":\"ListItem\",\"position\":1,\"name\":\"Home\",\"item\":\"https:\\\/\\\/baan-baan.com\\\/pro\\\/fr\\\/\"},{\"@type\":\"ListItem\",\"position\":2,\"name\":\"Boutique\",\"item\":\"https:\\\/\\\/baan-baan.com\\\/pro\\\/fr\\\/boutique\\\/\"},{\"@type\":\"ListItem\",\"position\":3,\"name\":\"Coussins (garnissage)\"}]},{\"@type\":\"WebSite\",\"@id\":\"https:\\\/\\\/baan-baan.com\\\/pro\\\/fr\\\/#website\",\"url\":\"https:\\\/\\\/baan-baan.com\\\/pro\\\/fr\\\/\",\"name\":\"Baan Pro\",\"description\":\"\",\"publisher\":{\"@id\":\"https:\\\/\\\/baan-baan.com\\\/pro\\\/fr\\\/#organization\"},\"potentialAction\":[{\"@type\":\"SearchAction\",\"target\":{\"@type\":\"EntryPoint\",\"urlTemplate\":\"https:\\\/\\\/baan-baan.com\\\/pro\\\/fr\\\/?s={search_term_string}\"},\"query-input\":{\"@type\":\"PropertyValueSpecification\",\"valueRequired\":true,\"valueName\":\"search_term_string\"}}],\"inLanguage\":\"fr-FR\"},{\"@type\":\"Organization\",\"@id\":\"https:\\\/\\\/baan-baan.com\\\/pro\\\/fr\\\/#organization\",\"name\":\"Baan Pro\",\"url\":\"https:\\\/\\\/baan-baan.com\\\/pro\\\/fr\\\/\",\"logo\":{\"@type\":\"ImageObject\",\"inLanguage\":\"fr-FR\",\"@id\":\"https:\\\/\\\/baan-baan.com\\\/pro\\\/fr\\\/#\\\/schema\\\/logo\\\/image\\\/\",\"url\":\"https:\\\/\\\/baan-baan.com\\\/pro\\\/wp-content\\\/uploads\\\/sites\\\/6\\\/2019\\\/12\\\/LOGO-BAAN.jpeg\",\"contentUrl\":\"https:\\\/\\\/baan-baan.com\\\/pro\\\/wp-content\\\/uploads\\\/sites\\\/6\\\/2019\\\/12\\\/LOGO-BAAN.jpeg\",\"width\":2560,\"height\":1554,\"caption\":\"Baan Pro\"},\"image\":{\"@id\":\"https:\\\/\\\/baan-baan.com\\\/pro\\\/fr\\\/#\\\/schema\\\/logo\\\/image\\\/\"},\"sameAs\":[\"https:\\\/\\\/www.facebook.com\\\/share\\\/1BjwM2bT8W\\\/?mibextid=wwXIfr\",\"https:\\\/\\\/www.instagram.com\\\/baan.ethnic.minimalism?igsh=czMxeWllOGM4MGdp\"]}]}<\/script>\n<!-- \/ Yoast SEO plugin. -->","yoast_head_json":{"title":"Baan - Coussins (int\u00e9rieur)","robots":{"index":"noindex","follow":"follow","max-snippet":"max-snippet:-1","max-image-preview":"max-image-preview:large","max-video-preview":"max-video-preview:-1"},"og_locale":"fr_FR","og_type":"article","og_title":"Baan - Coussins (int\u00e9rieur)","og_description":"Nos coussins de la Companie Dumas, garnissage Hollow Fiber (fibre polyester creuse silicon\u00e9e) d&rsquo;environ 300 grammes selon le mod\u00e8le. Ils sont vendus prix co\u00fbtant et uniquement avec une commande de housse dans la collection. Dimensions : 25x55cm 5,50\u20ac HT 30x60cm 5,50\u20ac HT 40x40cm 5\u20ac HT 40x60cm 6\u20ac HT 50x50cm 6\u20ac HT 60x60cm 8\u20ac HT 50x70cm [&hellip;]","og_url":"https:\/\/baan-baan.com\/pro\/fr\/produit\/coussins-interieur\/","og_site_name":"Baan Pro","article_publisher":"https:\/\/www.facebook.com\/share\/1BjwM2bT8W\/?mibextid=wwXIfr","article_modified_time":"2021-04-06T12:59:59+00:00","og_image":[{"width":1100,"height":1100,"url":"https:\/\/baan-baan.com\/pro\/wp-content\/uploads\/sites\/6\/2020\/12\/2829.jpg","type":"image\/jpeg"}],"twitter_card":"summary_large_image","schema":{"@context":"https:\/\/schema.org","@graph":[{"@type":"WebPage","@id":"https:\/\/baan-baan.com\/pro\/fr\/produit\/coussins-interieur\/","url":"https:\/\/baan-baan.com\/pro\/fr\/produit\/coussins-interieur\/","name":"Baan - Coussins (int\u00e9rieur)","isPartOf":{"@id":"https:\/\/baan-baan.com\/pro\/fr\/#website"},"primaryImageOfPage":{"@id":"https:\/\/baan-baan.com\/pro\/fr\/produit\/coussins-interieur\/#primaryimage"},"image":{"@id":"https:\/\/baan-baan.com\/pro\/fr\/produit\/coussins-interieur\/#primaryimage"},"thumbnailUrl":"https:\/\/baan-baan.com\/pro\/wp-content\/uploads\/sites\/6\/2020\/12\/2829.jpg","datePublished":"2018-08-29T15:02:51+00:00","dateModified":"2021-04-06T12:59:59+00:00","breadcrumb":{"@id":"https:\/\/baan-baan.com\/pro\/fr\/produit\/coussins-interieur\/#breadcrumb"},"inLanguage":"fr-FR","potentialAction":[{"@type":"ReadAction","target":["https:\/\/baan-baan.com\/pro\/fr\/produit\/coussins-interieur\/"]}]},{"@type":"ImageObject","inLanguage":"fr-FR","@id":"https:\/\/baan-baan.com\/pro\/fr\/produit\/coussins-interieur\/#primaryimage","url":"https:\/\/baan-baan.com\/pro\/wp-content\/uploads\/sites\/6\/2020\/12\/2829.jpg","contentUrl":"https:\/\/baan-baan.com\/pro\/wp-content\/uploads\/sites\/6\/2020\/12\/2829.jpg","width":1100,"height":1100,"caption":"Coussins (int\u00e9rieur)"},{"@type":"BreadcrumbList","@id":"https:\/\/baan-baan.com\/pro\/fr\/produit\/coussins-interieur\/#breadcrumb","itemListElement":[{"@type":"ListItem","position":1,"name":"Home","item":"https:\/\/baan-baan.com\/pro\/fr\/"},{"@type":"ListItem","position":2,"name":"Boutique","item":"https:\/\/baan-baan.com\/pro\/fr\/boutique\/"},{"@type":"ListItem","position":3,"name":"Coussins (garnissage)"}]},{"@type":"WebSite","@id":"https:\/\/baan-baan.com\/pro\/fr\/#website","url":"https:\/\/baan-baan.com\/pro\/fr\/","name":"Baan Pro","description":"","publisher":{"@id":"https:\/\/baan-baan.com\/pro\/fr\/#organization"},"potentialAction":[{"@type":"SearchAction","target":{"@type":"EntryPoint","urlTemplate":"https:\/\/baan-baan.com\/pro\/fr\/?s={search_term_string}"},"query-input":{"@type":"PropertyValueSpecification","valueRequired":true,"valueName":"search_term_string"}}],"inLanguage":"fr-FR"},{"@type":"Organization","@id":"https:\/\/baan-baan.com\/pro\/fr\/#organization","name":"Baan Pro","url":"https:\/\/baan-baan.com\/pro\/fr\/","logo":{"@type":"ImageObject","inLanguage":"fr-FR","@id":"https:\/\/baan-baan.com\/pro\/fr\/#\/schema\/logo\/image\/","url":"https:\/\/baan-baan.com\/pro\/wp-content\/uploads\/sites\/6\/2019\/12\/LOGO-BAAN.jpeg","contentUrl":"https:\/\/baan-baan.com\/pro\/wp-content\/uploads\/sites\/6\/2019\/12\/LOGO-BAAN.jpeg","width":2560,"height":1554,"caption":"Baan Pro"},"image":{"@id":"https:\/\/baan-baan.com\/pro\/fr\/#\/schema\/logo\/image\/"},"sameAs":["https:\/\/www.facebook.com\/share\/1BjwM2bT8W\/?mibextid=wwXIfr","https:\/\/www.instagram.com\/baan.ethnic.minimalism?igsh=czMxeWllOGM4MGdp"]}]}},"_links":{"self":[{"href":"https:\/\/baan-baan.com\/pro\/fr\/wp-json\/wp\/v2\/product\/7749","targetHints":{"allow":["GET"]}}],"collection":[{"href":"https:\/\/baan-baan.com\/pro\/fr\/wp-json\/wp\/v2\/product"}],"about":[{"href":"https:\/\/baan-baan.com\/pro\/fr\/wp-json\/wp\/v2\/types\/product"}],"wp:featuredmedia":[{"embeddable":true,"href":"https:\/\/baan-baan.com\/pro\/fr\/wp-json\/wp\/v2\/media\/2740"}],"wp:attachment":[{"href":"https:\/\/baan-baan.com\/pro\/fr\/wp-json\/wp\/v2\/media?parent=7749"}],"wp:term":[{"taxonomy":"product_brand","embeddable":true,"href":"https:\/\/baan-baan.com\/pro\/fr\/wp-json\/wp\/v2\/product_brand?post=7749"},{"taxonomy":"product_cat","embeddable":true,"href":"https:\/\/baan-baan.com\/pro\/fr\/wp-json\/wp\/v2\/product_cat?post=7749"},{"taxonomy":"product_tag","embeddable":true,"href":"https:\/\/baan-baan.com\/pro\/fr\/wp-json\/wp\/v2\/product_tag?post=7749"}],"curies":[{"name":"wp","href":"https:\/\/api.w.org\/{rel}","templated":true}]}}